{"id":57,"date":"2023-03-26T12:07:17","date_gmt":"2023-03-26T12:07:17","guid":{"rendered":"https:\/\/sentrycs.com\/?page_id=57"},"modified":"2026-01-13T10:30:59","modified_gmt":"2026-01-13T10:30:59","slug":"contact-us","status":"publish","type":"page","link":"https:\/\/sentrycs.com\/de\/contact-us\/","title":{"rendered":"Kontakt"},"content":{"rendered":"<div class=\"wp-block-columns alignwide is-layout-flex wp-container-core-columns-is-layout-b61b2f12 wp-block-columns-is-layout-flex\" style=\"margin-top:var(--wp--preset--spacing--50)\">\n<div class=\"wp-block-column is-layout-flow wp-block-column-is-layout-flow\"><h1 class=\"wp-block-post-title\"><span class=\"ez-toc-section\" id=\"Contact_us\"><\/span>Kontakt<span class=\"ez-toc-section-end\"><\/span><\/h1>\n\n\n<h2 class=\"wp-block-heading has-large-font-size\" id=\"h-let-s-discuss-how-we-can-cooperate\"><span class=\"ez-toc-section\" id=\"Lets_discuss_how_we_can_cooperate\"><\/span>Lassen Sie uns besprechen, wie wir zusammenarbeiten k\u00f6nnen<span class=\"ez-toc-section-end\"><\/span><\/h2>\n\n\n\n<p>Wenn Sie auf der Suche nach einer L\u00f6sung zur Drohnenabwehr sind oder mit uns zusammenarbeiten m\u00f6chten, um eine sichere Zukunft f\u00fcr Drohnen zu schaffen, w\u00fcrden wir uns freuen, von Ihnen zu h\u00f6ren.<\/p>\n\n\n\n<ul class=\"wp-block-list\">\n<li>Erfahren Sie mehr \u00fcber unsere leistungsstarke Plattform<\/li>\n\n\n\n<li style=\"margin-top:var(--wp--preset--spacing--20);margin-bottom:var(--wp--preset--spacing--20)\">Hilfe bei der Auswahl der richtigen Bereitstellungsart und Module f\u00fcr Ihr Unternehmen<\/li>\n\n\n\n<li>Sondierung einer Partnerschaft mit Sentrycs<\/li>\n<\/ul>\n\n\n\n<h2 class=\"wp-block-heading has-text-align-center\" id=\"h-certification\" style=\"margin-top:var(--wp--preset--spacing--50)\"><span class=\"ez-toc-section\" id=\"Certification\"><\/span>Zertifizierung<span class=\"ez-toc-section-end\"><\/span><\/h2>\n\n\n\n<p class=\"has-text-align-center\">Sentrycs entspricht den h\u00f6chsten Industriestandards<\/p>\n\n\n\n<div class=\"wp-block-group is-layout-constrained wp-container-core-group-is-layout-70f4fdbb wp-block-group-is-layout-constrained\">\n<figure class=\"wp-block-gallery has-nested-images columns-5 is-cropped is-style-default icon-gallery wp-block-gallery-9 is-layout-flex wp-block-gallery-is-layout-flex\" style=\"margin-top:var(--wp--preset--spacing--40);margin-bottom:var(--wp--preset--spacing--40)\">\n<figure class=\"wp-block-image size-large is-style-squared-shadow is-style-squared-shadow--1\"><img loading=\"lazy\" decoding=\"async\" width=\"300\" height=\"300\" data-id=\"1677\" src=\"https:\/\/sentrycs.com\/wp-content\/uploads\/2023\/09\/ce-certification.png\" alt=\"\" class=\"wp-image-1677\" style=\"aspect-ratio:1\" srcset=\"https:\/\/sentrycs.com\/wp-content\/uploads\/2023\/09\/ce-certification.png 300w, https:\/\/sentrycs.com\/wp-content\/uploads\/2023\/09\/ce-certification-150x150.png 150w\" sizes=\"auto, (max-width: 300px) 100vw, 300px\" \/><\/figure>\n\n\n\n<figure class=\"wp-block-image size-large is-style-squared-shadow is-style-squared-shadow--2\"><img loading=\"lazy\" decoding=\"async\" width=\"300\" height=\"300\" data-id=\"2259\" src=\"https:\/\/sentrycs.com\/wp-content\/uploads\/2024\/05\/USFCR-certification.png\" alt=\"\" class=\"wp-image-2259\" style=\"aspect-ratio:1\" srcset=\"https:\/\/sentrycs.com\/wp-content\/uploads\/2024\/05\/USFCR-certification.png 300w, https:\/\/sentrycs.com\/wp-content\/uploads\/2024\/05\/USFCR-certification-150x150.png 150w, https:\/\/sentrycs.com\/wp-content\/uploads\/2024\/05\/USFCR-certification-12x12.png 12w\" sizes=\"auto, (max-width: 300px) 100vw, 300px\" \/><\/figure>\n\n\n\n<figure class=\"wp-block-image size-large is-style-squared-shadow is-style-squared-shadow--3\"><img loading=\"lazy\" decoding=\"async\" width=\"300\" height=\"300\" data-id=\"1679\" src=\"https:\/\/sentrycs.com\/wp-content\/uploads\/2023\/09\/urs-certification.png\" alt=\"\" class=\"wp-image-1679\" style=\"aspect-ratio:1\" srcset=\"https:\/\/sentrycs.com\/wp-content\/uploads\/2023\/09\/urs-certification.png 300w, https:\/\/sentrycs.com\/wp-content\/uploads\/2023\/09\/urs-certification-150x150.png 150w\" sizes=\"auto, (max-width: 300px) 100vw, 300px\" \/><\/figure>\n\n\n\n<figure class=\"wp-block-image size-large is-style-squared-shadow is-style-squared-shadow--4\"><img loading=\"lazy\" decoding=\"async\" width=\"300\" height=\"300\" data-id=\"2150\" src=\"https:\/\/sentrycs.com\/wp-content\/uploads\/2024\/03\/FCC-300-x300.png\" alt=\"\" class=\"wp-image-2150\" style=\"aspect-ratio:1\" srcset=\"https:\/\/sentrycs.com\/wp-content\/uploads\/2024\/03\/FCC-300-x300.png 300w, https:\/\/sentrycs.com\/wp-content\/uploads\/2024\/03\/FCC-300-x300-150x150.png 150w, https:\/\/sentrycs.com\/wp-content\/uploads\/2024\/03\/FCC-300-x300-12x12.png 12w\" sizes=\"auto, (max-width: 300px) 100vw, 300px\" \/><\/figure>\n\n\n\n<figure class=\"wp-block-image size-large is-style-squared-shadow is-style-squared-shadow--5\"><img loading=\"lazy\" decoding=\"async\" width=\"300\" height=\"300\" data-id=\"2239\" src=\"https:\/\/sentrycs.com\/wp-content\/uploads\/2024\/04\/NPSA-1.png\" alt=\"\" class=\"wp-image-2239\" style=\"aspect-ratio:1\" srcset=\"https:\/\/sentrycs.com\/wp-content\/uploads\/2024\/04\/NPSA-1.png 300w, https:\/\/sentrycs.com\/wp-content\/uploads\/2024\/04\/NPSA-1-150x150.png 150w, https:\/\/sentrycs.com\/wp-content\/uploads\/2024\/04\/NPSA-1-12x12.png 12w\" sizes=\"auto, (max-width: 300px) 100vw, 300px\" \/><\/figure>\n\n\n\n<figure class=\"wp-block-image size-large is-style-squared-shadow is-style-squared-shadow--6\"><img loading=\"lazy\" decoding=\"async\" width=\"612\" height=\"792\" data-id=\"4017\" src=\"https:\/\/sentrycs.com\/wp-content\/uploads\/2025\/08\/\u05dc\u05d5\u05d2\u05d5-50001.png\" alt=\"\" class=\"wp-image-4017\" style=\"aspect-ratio:1\" srcset=\"https:\/\/sentrycs.com\/wp-content\/uploads\/2025\/08\/\u05dc\u05d5\u05d2\u05d5-50001.png 612w, https:\/\/sentrycs.com\/wp-content\/uploads\/2025\/08\/\u05dc\u05d5\u05d2\u05d5-50001-232x300.png 232w, https:\/\/sentrycs.com\/wp-content\/uploads\/2025\/08\/\u05dc\u05d5\u05d2\u05d5-50001-9x12.png 9w\" sizes=\"auto, (max-width: 612px) 100vw, 612px\" \/><\/figure>\n\n\n\n<figure class=\"wp-block-image size-large is-style-squared-shadow is-style-squared-shadow--7\"><img loading=\"lazy\" decoding=\"async\" width=\"612\" height=\"792\" data-id=\"4016\" src=\"https:\/\/sentrycs.com\/wp-content\/uploads\/2025\/08\/\u05dc\u05d5\u05d2\u05d5-45001.png\" alt=\"\" class=\"wp-image-4016\" style=\"aspect-ratio:1\" srcset=\"https:\/\/sentrycs.com\/wp-content\/uploads\/2025\/08\/\u05dc\u05d5\u05d2\u05d5-45001.png 612w, https:\/\/sentrycs.com\/wp-content\/uploads\/2025\/08\/\u05dc\u05d5\u05d2\u05d5-45001-232x300.png 232w, https:\/\/sentrycs.com\/wp-content\/uploads\/2025\/08\/\u05dc\u05d5\u05d2\u05d5-45001-9x12.png 9w\" sizes=\"auto, (max-width: 612px) 100vw, 612px\" \/><\/figure>\n\n\n\n<figure class=\"wp-block-image size-large is-style-squared-shadow is-style-squared-shadow--8\"><img loading=\"lazy\" decoding=\"async\" width=\"612\" height=\"792\" data-id=\"4015\" src=\"https:\/\/sentrycs.com\/wp-content\/uploads\/2025\/08\/\u05dc\u05d5\u05d2\u05d5-14001.png\" alt=\"\" class=\"wp-image-4015\" style=\"aspect-ratio:1\" srcset=\"https:\/\/sentrycs.com\/wp-content\/uploads\/2025\/08\/\u05dc\u05d5\u05d2\u05d5-14001.png 612w, https:\/\/sentrycs.com\/wp-content\/uploads\/2025\/08\/\u05dc\u05d5\u05d2\u05d5-14001-232x300.png 232w, https:\/\/sentrycs.com\/wp-content\/uploads\/2025\/08\/\u05dc\u05d5\u05d2\u05d5-14001-9x12.png 9w\" sizes=\"auto, (max-width: 612px) 100vw, 612px\" \/><\/figure>\n<\/figure>\n<\/div>\n<\/div>\n\n\n\n<div class=\"wp-block-column is-layout-flow wp-block-column-is-layout-flow\"><div class=\"wp-block-sentrycs-blocks-hubspot-form wp-block-sentrycs-blocks-hubspot-form\" data-portal-id=\"26475333\" data-form-id=\"c33ac5a4-3a0d-410b-ad91-8eb7ee234c13\"><div id=\"hubspot-form-10\"><\/div><\/div>\n\n\n<h2 class=\"wp-block-heading\" id=\"h-our-offices\" style=\"margin-bottom:var(--wp--preset--spacing--50)\"><span class=\"ez-toc-section\" id=\"Our_Offices\"><\/span>Unsere B\u00fcros<span class=\"ez-toc-section-end\"><\/span><\/h2>\n\n\n\n<div class=\"wp-block-columns is-layout-flex wp-container-core-columns-is-layout-28f84493 wp-block-columns-is-layout-flex\">\n<div class=\"wp-block-column is-layout-flow wp-block-column-is-layout-flow\">\n<h5 class=\"wp-block-heading has-medium-font-size\" id=\"h-tel-aviv\"><span class=\"ez-toc-section\" id=\"Tel-Aviv\"><\/span><strong>Tel-Aviv<\/strong><span class=\"ez-toc-section-end\"><\/span><\/h5>\n\n\n\n<p>ToHa Tower Totzeret Ha'aretz 6 Tel-Aviv 6744129<\/p>\n<\/div>\n\n\n\n<div class=\"wp-block-column is-layout-flow wp-block-column-is-layout-flow\">\n<h5 class=\"wp-block-heading has-medium-font-size\"><span class=\"ez-toc-section\" id=\"USA\"><\/span><strong>USA<\/strong><span class=\"ez-toc-section-end\"><\/span><\/h5>\n\n\n\n<p>500 7th Avenue New York, NY 10018<\/p>\n<\/div>\n<\/div>\n<\/div>\n<\/div>","protected":false},"excerpt":{"rendered":"<p>Let\u2019s discuss how we can cooperate If you are looking for a counter-drone solution or want to cooperate with us to power a safe drone-driven future, we\u2019d love to hear from you. Certification Sentrycs is compliant with the highest industry standards Our Offices Tel-Aviv ToHa Tower Totzeret Ha\u2019aretz 6 Tel-Aviv 6744129 USA 500 7th Avenue <a class=\"more-link\" href=\"https:\/\/sentrycs.com\/de\/contact-us\/\" title=\"Kontakt\">Mehr lesen<\/a><\/p>","protected":false},"author":1,"featured_media":0,"parent":0,"menu_order":0,"comment_status":"closed","ping_status":"closed","template":"","meta":{"_acf_changed":false,"_editorskit_title_hidden":false,"_editorskit_reading_time":0,"_editorskit_is_block_options_detached":false,"_editorskit_block_options_position":"{}","footnotes":"","_links_to":"","_links_to_target":""},"class_list":["post-57","page","type-page","status-publish","hentry"],"acf":[],"yoast_head":"<!-- This site is optimized with the Yoast SEO Premium plugin v23.3 (Yoast SEO v27.1.1) - https:\/\/yoast.com\/product\/yoast-seo-premium-wordpress\/ -->\n<title>Contact Our Experts | Sentrycs Counter Drone Systems<\/title>\n<meta name=\"description\" content=\"If you are looking for a counter-drone solution or want to cooperate with us to power a safe drone-driven future, we\u2019d love to hear from you. Contact us today!\" \/>\n<meta name=\"robots\" content=\"index, follow, max-snippet:-1, max-image-preview:large, max-video-preview:-1\" \/>\n<link rel=\"canonical\" href=\"https:\/\/sentrycs.com\/de\/contact-us\/\" \/>\n<meta property=\"og:locale\" content=\"de_DE\" \/>\n<meta property=\"og:type\" content=\"article\" \/>\n<meta property=\"og:title\" content=\"Contact Our Experts | Sentrycs Counter Drone Systems\" \/>\n<meta property=\"og:description\" content=\"If you are looking for a counter-drone solution or want to cooperate with us to power a safe drone-driven future, we\u2019d love to hear from you. Contact us today!\" \/>\n<meta property=\"og:url\" content=\"https:\/\/sentrycs.com\/de\/contact-us\/\" \/>\n<meta property=\"og:site_name\" content=\"Sentrycs\" \/>\n<meta property=\"article:modified_time\" content=\"2026-01-13T10:30:59+00:00\" \/>\n<meta name=\"twitter:card\" content=\"summary_large_image\" \/>\n<meta name=\"twitter:site\" content=\"@Sentrycs\" \/>\n<meta name=\"twitter:label1\" content=\"Gesch\u00e4tzte Lesezeit\" \/>\n\t<meta name=\"twitter:data1\" content=\"1\u00a0Minute\" \/>\n<script type=\"application\/ld+json\" class=\"yoast-schema-graph\">{\"@context\":\"https:\/\/schema.org\",\"@graph\":[{\"@type\":\"WebPage\",\"@id\":\"https:\/\/sentrycs.com\/contact-us\/\",\"url\":\"https:\/\/sentrycs.com\/contact-us\/\",\"name\":\"Contact Our Experts | Sentrycs Counter Drone Systems\",\"isPartOf\":{\"@id\":\"https:\/\/sentrycs.com\/#website\"},\"primaryImageOfPage\":{\"@id\":\"https:\/\/sentrycs.com\/contact-us\/#primaryimage\"},\"image\":{\"@id\":\"https:\/\/sentrycs.com\/contact-us\/#primaryimage\"},\"thumbnailUrl\":\"https:\/\/sentrycs.com\/wp-content\/uploads\/2023\/09\/ce-certification.png\",\"datePublished\":\"2023-03-26T12:07:17+00:00\",\"dateModified\":\"2026-01-13T10:30:59+00:00\",\"description\":\"If you are looking for a counter-drone solution or want to cooperate with us to power a safe drone-driven future, we\u2019d love to hear from you. Contact us today!\",\"breadcrumb\":{\"@id\":\"https:\/\/sentrycs.com\/contact-us\/#breadcrumb\"},\"inLanguage\":\"de\",\"potentialAction\":[{\"@type\":\"ReadAction\",\"target\":[\"https:\/\/sentrycs.com\/contact-us\/\"]}]},{\"@type\":\"ImageObject\",\"inLanguage\":\"de\",\"@id\":\"https:\/\/sentrycs.com\/contact-us\/#primaryimage\",\"url\":\"https:\/\/sentrycs.com\/wp-content\/uploads\/2023\/09\/ce-certification.png\",\"contentUrl\":\"https:\/\/sentrycs.com\/wp-content\/uploads\/2023\/09\/ce-certification.png\"},{\"@type\":\"BreadcrumbList\",\"@id\":\"https:\/\/sentrycs.com\/contact-us\/#breadcrumb\",\"itemListElement\":[{\"@type\":\"ListItem\",\"position\":1,\"name\":\"Home\",\"item\":\"https:\/\/sentrycs.com\/\"},{\"@type\":\"ListItem\",\"position\":2,\"name\":\"Contact us\"}]},{\"@type\":\"WebSite\",\"@id\":\"https:\/\/sentrycs.com\/#website\",\"url\":\"https:\/\/sentrycs.com\/\",\"name\":\"Sentrycs\",\"description\":\"Counter-drone Solutions Adapting at the Speed of Threat\",\"publisher\":{\"@id\":\"https:\/\/sentrycs.com\/#organization\"},\"potentialAction\":[{\"@type\":\"SearchAction\",\"target\":{\"@type\":\"EntryPoint\",\"urlTemplate\":\"https:\/\/sentrycs.com\/?s={search_term_string}\"},\"query-input\":{\"@type\":\"PropertyValueSpecification\",\"valueRequired\":true,\"valueName\":\"search_term_string\"}}],\"inLanguage\":\"de\"},{\"@type\":\"Organization\",\"@id\":\"https:\/\/sentrycs.com\/#organization\",\"name\":\"Sentrycs Counter Drone Solutions\",\"url\":\"https:\/\/sentrycs.com\/\",\"logo\":{\"@type\":\"ImageObject\",\"inLanguage\":\"de\",\"@id\":\"https:\/\/sentrycs.com\/#\/schema\/logo\/image\/\",\"url\":\"\",\"contentUrl\":\"\",\"caption\":\"Sentrycs Counter Drone Solutions\"},\"image\":{\"@id\":\"https:\/\/sentrycs.com\/#\/schema\/logo\/image\/\"},\"sameAs\":[\"https:\/\/x.com\/Sentrycs\"]}]}<\/script>\n<!-- \/ Yoast SEO Premium plugin. -->","yoast_head_json":{"title":"Kontakt zu unseren Experten | Sentrycs Anti-Drohnen-Systeme","description":"Wenn Sie auf der Suche nach einer L\u00f6sung zur Drohnenabwehr sind oder mit uns zusammenarbeiten m\u00f6chten, um eine sichere drohnengesteuerte Zukunft zu erm\u00f6glichen, w\u00fcrden wir uns freuen, von Ihnen zu h\u00f6ren. Kontaktieren Sie uns noch heute!","robots":{"index":"index","follow":"follow","max-snippet":"max-snippet:-1","max-image-preview":"max-image-preview:large","max-video-preview":"max-video-preview:-1"},"canonical":"https:\/\/sentrycs.com\/de\/contact-us\/","og_locale":"de_DE","og_type":"article","og_title":"Contact Our Experts | Sentrycs Counter Drone Systems","og_description":"If you are looking for a counter-drone solution or want to cooperate with us to power a safe drone-driven future, we\u2019d love to hear from you. Contact us today!","og_url":"https:\/\/sentrycs.com\/de\/contact-us\/","og_site_name":"Sentrycs","article_modified_time":"2026-01-13T10:30:59+00:00","twitter_card":"summary_large_image","twitter_site":"@Sentrycs","twitter_misc":{"Gesch\u00e4tzte Lesezeit":"1\u00a0Minute"},"schema":{"@context":"https:\/\/schema.org","@graph":[{"@type":"WebPage","@id":"https:\/\/sentrycs.com\/contact-us\/","url":"https:\/\/sentrycs.com\/contact-us\/","name":"Kontakt zu unseren Experten | Sentrycs Anti-Drohnen-Systeme","isPartOf":{"@id":"https:\/\/sentrycs.com\/#website"},"primaryImageOfPage":{"@id":"https:\/\/sentrycs.com\/contact-us\/#primaryimage"},"image":{"@id":"https:\/\/sentrycs.com\/contact-us\/#primaryimage"},"thumbnailUrl":"https:\/\/sentrycs.com\/wp-content\/uploads\/2023\/09\/ce-certification.png","datePublished":"2023-03-26T12:07:17+00:00","dateModified":"2026-01-13T10:30:59+00:00","description":"Wenn Sie auf der Suche nach einer L\u00f6sung zur Drohnenabwehr sind oder mit uns zusammenarbeiten m\u00f6chten, um eine sichere drohnengesteuerte Zukunft zu erm\u00f6glichen, w\u00fcrden wir uns freuen, von Ihnen zu h\u00f6ren. Kontaktieren Sie uns noch heute!","breadcrumb":{"@id":"https:\/\/sentrycs.com\/contact-us\/#breadcrumb"},"inLanguage":"de","potentialAction":[{"@type":"ReadAction","target":["https:\/\/sentrycs.com\/contact-us\/"]}]},{"@type":"ImageObject","inLanguage":"de","@id":"https:\/\/sentrycs.com\/contact-us\/#primaryimage","url":"https:\/\/sentrycs.com\/wp-content\/uploads\/2023\/09\/ce-certification.png","contentUrl":"https:\/\/sentrycs.com\/wp-content\/uploads\/2023\/09\/ce-certification.png"},{"@type":"BreadcrumbList","@id":"https:\/\/sentrycs.com\/contact-us\/#breadcrumb","itemListElement":[{"@type":"ListItem","position":1,"name":"Home","item":"https:\/\/sentrycs.com\/"},{"@type":"ListItem","position":2,"name":"Contact us"}]},{"@type":"WebSite","@id":"https:\/\/sentrycs.com\/#website","url":"https:\/\/sentrycs.com\/","name":"Sentrycs","description":"L\u00f6sungen zur Drohnenabwehr passen sich der Geschwindigkeit der Bedrohung an","publisher":{"@id":"https:\/\/sentrycs.com\/#organization"},"potentialAction":[{"@type":"SearchAction","target":{"@type":"EntryPoint","urlTemplate":"https:\/\/sentrycs.com\/?s={search_term_string}"},"query-input":{"@type":"PropertyValueSpecification","valueRequired":true,"valueName":"search_term_string"}}],"inLanguage":"de"},{"@type":"Organization","@id":"https:\/\/sentrycs.com\/#organization","name":"Sentrycs Anti-Drohnen-L\u00f6sungen","url":"https:\/\/sentrycs.com\/","logo":{"@type":"ImageObject","inLanguage":"de","@id":"https:\/\/sentrycs.com\/#\/schema\/logo\/image\/","url":"","contentUrl":"","caption":"Sentrycs Counter Drone Solutions"},"image":{"@id":"https:\/\/sentrycs.com\/#\/schema\/logo\/image\/"},"sameAs":["https:\/\/x.com\/Sentrycs"]}]}},"_links":{"self":[{"href":"https:\/\/sentrycs.com\/de\/wp-json\/wp\/v2\/pages\/57","targetHints":{"allow":["GET"]}}],"collection":[{"href":"https:\/\/sentrycs.com\/de\/wp-json\/wp\/v2\/pages"}],"about":[{"href":"https:\/\/sentrycs.com\/de\/wp-json\/wp\/v2\/types\/page"}],"author":[{"embeddable":true,"href":"https:\/\/sentrycs.com\/de\/wp-json\/wp\/v2\/users\/1"}],"replies":[{"embeddable":true,"href":"https:\/\/sentrycs.com\/de\/wp-json\/wp\/v2\/comments?post=57"}],"version-history":[{"count":15,"href":"https:\/\/sentrycs.com\/de\/wp-json\/wp\/v2\/pages\/57\/revisions"}],"predecessor-version":[{"id":4278,"href":"https:\/\/sentrycs.com\/de\/wp-json\/wp\/v2\/pages\/57\/revisions\/4278"}],"wp:attachment":[{"href":"https:\/\/sentrycs.com\/de\/wp-json\/wp\/v2\/media?parent=57"}],"curies":[{"name":"wp","href":"https:\/\/api.w.org\/{rel}","templated":true}]}}