{"id":121,"date":"2023-03-27T08:43:08","date_gmt":"2023-03-27T08:43:08","guid":{"rendered":"https:\/\/sentrycs.com\/?page_id=121"},"modified":"2026-04-23T15:11:36","modified_gmt":"2026-04-23T15:11:36","slug":"partners","status":"publish","type":"page","link":"https:\/\/sentrycs.com\/es\/partners\/","title":{"rendered":"Socios"},"content":{"rendered":"<div class=\"wp-block-group alignwide is-layout-constrained wp-container-core-group-is-layout-f6c3c57b wp-block-group-is-layout-constrained\" style=\"border-bottom-color:var(--wp--preset--color--base);border-bottom-width:2px;padding-top:var(--wp--preset--spacing--50);padding-bottom:var(--wp--preset--spacing--50)\">\n<h1 class=\"wp-block-heading\" id=\"h-join-the-counter-drone-ecosystem\"><span class=\"ez-toc-section\" id=\"Join_the_counter-drone_ecosystem\"><\/span>\u00danase al ecosistema contra drones<span class=\"ez-toc-section-end\"><\/span><\/h1>\n\n\n\n<p class=\"has-medium-font-size\">Estamos comprometidos con las asociaciones que permiten un uso seguro de los drones.<\/p>\n\n\n\n<div class=\"wp-block-buttons is-layout-flex wp-block-buttons-is-layout-flex\">\n<div class=\"wp-block-button\"><a class=\"wp-block-button__link wp-element-button\" href=\"https:\/\/sentrycs.com\/es\/become-a-partner\/\">H\u00e1gase socio<\/a><\/div>\n<\/div>\n<\/div>\n\n\n\n<div class=\"wp-block-group is-layout-constrained wp-block-group-is-layout-constrained\" style=\"margin-top:var(--wp--preset--spacing--80);margin-bottom:var(--wp--preset--spacing--80)\">\n<h2 class=\"wp-block-heading\" id=\"h-why-partner-with-sentrycs\"><span class=\"ez-toc-section\" id=\"Why_Partner_With_Sentrycs\"><\/span>\u00bfPor qu\u00e9 asociarse con Sentrycs?<span class=\"ez-toc-section-end\"><\/span><\/h2>\n\n\n\n<p class=\"has-medium-font-size\">El programa de socios de Sentryc es una red de confianza de tecnolog\u00eda, soluciones y personas que est\u00e1n aqu\u00ed para ayudarle a ofrecer soluciones contra drones que hagan crecer su negocio y le permitan construir el futuro de una econom\u00eda de drones brillante.<\/p>\n<\/div>\n\n\n\n<div class=\"wp-block-columns alignwide is-layout-flex wp-container-core-columns-is-layout-8351d469 wp-block-columns-is-layout-flex\" style=\"margin-bottom:var(--wp--preset--spacing--50)\">\n<div class=\"wp-block-column is-layout-flow wp-block-column-is-layout-flow\">\n<div class=\"wp-block-group has-base-background-color has-background is-layout-constrained wp-block-group-is-layout-constrained\" style=\"min-height:100%;padding-top:var(--wp--preset--spacing--50);padding-bottom:var(--wp--preset--spacing--50);box-shadow:var(--wp--preset--shadow--shadowinverted)\">\n<h3 class=\"wp-block-heading\" id=\"h-high-margins\"><span class=\"ez-toc-section\" id=\"High_Margins\"><\/span>M\u00e1rgenes elevados<span class=\"ez-toc-section-end\"><\/span><\/h3>\n\n\n\n<p>Oportunidades para hacer crecer su negocio y su reputaci\u00f3n al tiempo que obtiene importantes m\u00e1rgenes.<\/p>\n<\/div>\n<\/div>\n\n\n\n<div class=\"wp-block-column is-layout-flow wp-block-column-is-layout-flow\">\n<div class=\"wp-block-group has-base-background-color has-background is-layout-constrained wp-block-group-is-layout-constrained\" style=\"min-height:100%;padding-top:var(--wp--preset--spacing--50);padding-bottom:var(--wp--preset--spacing--50);box-shadow:var(--wp--preset--shadow--shadowinverted)\">\n<h3 class=\"wp-block-heading\" id=\"h-sales-amp-marketing\"><span class=\"ez-toc-section\" id=\"Sales_Marketing\"><\/span>Ventas y marketing<span class=\"ez-toc-section-end\"><\/span><\/h3>\n\n\n\n<p>Con recursos Sentrycs dedicados y listos para ayudar, tratamos a nuestros socios como una extensi\u00f3n de nuestro equipo.<\/p>\n<\/div>\n<\/div>\n\n\n\n<div class=\"wp-block-column is-layout-flow wp-block-column-is-layout-flow\">\n<div class=\"wp-block-group has-base-background-color has-background is-layout-constrained wp-block-group-is-layout-constrained\" style=\"min-height:100%;padding-top:var(--wp--preset--spacing--50);padding-bottom:var(--wp--preset--spacing--50);box-shadow:var(--wp--preset--shadow--shadowinverted)\">\n<h3 class=\"wp-block-heading\" id=\"h-long-term-collaboration\"><span class=\"ez-toc-section\" id=\"Long-term_collaboration\"><\/span>Colaboraci\u00f3n a largo plazo<span class=\"ez-toc-section-end\"><\/span><\/h3>\n\n\n\n<p>Sentrycs ofrece formaci\u00f3n y asistencia para que su equipo sea operativo r\u00e1pidamente.<\/p>\n<\/div>\n<\/div>\n<\/div>","protected":false},"excerpt":{"rendered":"<p>Join the counter-drone ecosystem We\u2019re committed to partnerships that enable safe and secure drone usage. Why Partner With Sentrycs? Sentryc\u2019s partner program is a trusted network of technology, solutions, and people here to help you deliver counter-drone solutions that grow your business and enable you to build the future of a bright drone economy. High <a class=\"more-link\" href=\"https:\/\/sentrycs.com\/es\/partners\/\" title=\"Socios\">Seguir leyendo<\/a><\/p>","protected":false},"author":1,"featured_media":0,"parent":0,"menu_order":0,"comment_status":"closed","ping_status":"closed","template":"","meta":{"_acf_changed":false,"_editorskit_title_hidden":false,"_editorskit_reading_time":0,"_editorskit_is_block_options_detached":false,"_editorskit_block_options_position":"{}","footnotes":"","_links_to":"","_links_to_target":""},"class_list":["post-121","page","type-page","status-publish","hentry"],"acf":[],"yoast_head":"<!-- This site is optimized with the Yoast SEO Premium plugin v23.3 (Yoast SEO v27.1.1) - https:\/\/yoast.com\/product\/yoast-seo-premium-wordpress\/ -->\n<title>Sentryc\u2019s Partner Program | Sentrycs Counter Drone Solutions<\/title>\n<meta name=\"description\" content=\"Join Sentrycs&#039; partner program to deliver proven counter-drone solutions. Grow your business with dedicated support and a trusted global C-UAS ecosystem.\" \/>\n<meta name=\"robots\" content=\"index, follow, max-snippet:-1, max-image-preview:large, max-video-preview:-1\" \/>\n<link rel=\"canonical\" href=\"https:\/\/sentrycs.com\/es\/partners\/\" \/>\n<meta property=\"og:locale\" content=\"es_ES\" \/>\n<meta property=\"og:type\" content=\"article\" \/>\n<meta property=\"og:title\" content=\"Sentryc\u2019s Partner Program | Sentrycs Counter Drone Solutions\" \/>\n<meta property=\"og:description\" content=\"Join Sentrycs&#039; partner program to deliver proven counter-drone solutions. Grow your business with dedicated support and a trusted global C-UAS ecosystem.\" \/>\n<meta property=\"og:url\" content=\"https:\/\/sentrycs.com\/es\/partners\/\" \/>\n<meta property=\"og:site_name\" content=\"Sentrycs\" \/>\n<meta property=\"article:modified_time\" content=\"2026-04-23T15:11:36+00:00\" \/>\n<meta name=\"twitter:card\" content=\"summary_large_image\" \/>\n<meta name=\"twitter:site\" content=\"@Sentrycs\" \/>\n<meta name=\"twitter:label1\" content=\"Tiempo de lectura\" \/>\n\t<meta name=\"twitter:data1\" content=\"1 minuto\" \/>\n<script type=\"application\/ld+json\" class=\"yoast-schema-graph\">{\"@context\":\"https:\/\/schema.org\",\"@graph\":[{\"@type\":\"WebPage\",\"@id\":\"https:\/\/sentrycs.com\/partners\/\",\"url\":\"https:\/\/sentrycs.com\/partners\/\",\"name\":\"Sentryc\u2019s Partner Program | Sentrycs Counter Drone Solutions\",\"isPartOf\":{\"@id\":\"https:\/\/sentrycs.com\/#website\"},\"datePublished\":\"2023-03-27T08:43:08+00:00\",\"dateModified\":\"2026-04-23T15:11:36+00:00\",\"description\":\"Join Sentrycs' partner program to deliver proven counter-drone solutions. Grow your business with dedicated support and a trusted global C-UAS ecosystem.\",\"breadcrumb\":{\"@id\":\"https:\/\/sentrycs.com\/partners\/#breadcrumb\"},\"inLanguage\":\"es\",\"potentialAction\":[{\"@type\":\"ReadAction\",\"target\":[\"https:\/\/sentrycs.com\/partners\/\"]}]},{\"@type\":\"BreadcrumbList\",\"@id\":\"https:\/\/sentrycs.com\/partners\/#breadcrumb\",\"itemListElement\":[{\"@type\":\"ListItem\",\"position\":1,\"name\":\"Home\",\"item\":\"https:\/\/sentrycs.com\/\"},{\"@type\":\"ListItem\",\"position\":2,\"name\":\"Partners\"}]},{\"@type\":\"WebSite\",\"@id\":\"https:\/\/sentrycs.com\/#website\",\"url\":\"https:\/\/sentrycs.com\/\",\"name\":\"Sentrycs\",\"description\":\"Counter-drone Solutions Adapting at the Speed of Threat\",\"publisher\":{\"@id\":\"https:\/\/sentrycs.com\/#organization\"},\"potentialAction\":[{\"@type\":\"SearchAction\",\"target\":{\"@type\":\"EntryPoint\",\"urlTemplate\":\"https:\/\/sentrycs.com\/?s={search_term_string}\"},\"query-input\":{\"@type\":\"PropertyValueSpecification\",\"valueRequired\":true,\"valueName\":\"search_term_string\"}}],\"inLanguage\":\"es\"},{\"@type\":\"Organization\",\"@id\":\"https:\/\/sentrycs.com\/#organization\",\"name\":\"Sentrycs Counter Drone Solutions\",\"url\":\"https:\/\/sentrycs.com\/\",\"logo\":{\"@type\":\"ImageObject\",\"inLanguage\":\"es\",\"@id\":\"https:\/\/sentrycs.com\/#\/schema\/logo\/image\/\",\"url\":\"\",\"contentUrl\":\"\",\"caption\":\"Sentrycs Counter Drone Solutions\"},\"image\":{\"@id\":\"https:\/\/sentrycs.com\/#\/schema\/logo\/image\/\"},\"sameAs\":[\"https:\/\/x.com\/Sentrycs\"]}]}<\/script>\n<!-- \/ Yoast SEO Premium plugin. -->","yoast_head_json":{"title":"Programa de socios de Sentryc | Soluciones Sentrycs Counter Drone","description":"\u00danase al programa de socios de Sentrycs para ofrecer soluciones contra drones de eficacia probada. Haga crecer su negocio con soporte dedicado y un ecosistema C-UAS global de confianza.","robots":{"index":"index","follow":"follow","max-snippet":"max-snippet:-1","max-image-preview":"max-image-preview:large","max-video-preview":"max-video-preview:-1"},"canonical":"https:\/\/sentrycs.com\/es\/partners\/","og_locale":"es_ES","og_type":"article","og_title":"Sentryc\u2019s Partner Program | Sentrycs Counter Drone Solutions","og_description":"Join Sentrycs' partner program to deliver proven counter-drone solutions. Grow your business with dedicated support and a trusted global C-UAS ecosystem.","og_url":"https:\/\/sentrycs.com\/es\/partners\/","og_site_name":"Sentrycs","article_modified_time":"2026-04-23T15:11:36+00:00","twitter_card":"summary_large_image","twitter_site":"@Sentrycs","twitter_misc":{"Tiempo de lectura":"1 minuto"},"schema":{"@context":"https:\/\/schema.org","@graph":[{"@type":"WebPage","@id":"https:\/\/sentrycs.com\/partners\/","url":"https:\/\/sentrycs.com\/partners\/","name":"Programa de socios de Sentryc | Soluciones Sentrycs Counter Drone","isPartOf":{"@id":"https:\/\/sentrycs.com\/#website"},"datePublished":"2023-03-27T08:43:08+00:00","dateModified":"2026-04-23T15:11:36+00:00","description":"\u00danase al programa de socios de Sentrycs para ofrecer soluciones contra drones de eficacia probada. Haga crecer su negocio con soporte dedicado y un ecosistema C-UAS global de confianza.","breadcrumb":{"@id":"https:\/\/sentrycs.com\/partners\/#breadcrumb"},"inLanguage":"es","potentialAction":[{"@type":"ReadAction","target":["https:\/\/sentrycs.com\/partners\/"]}]},{"@type":"BreadcrumbList","@id":"https:\/\/sentrycs.com\/partners\/#breadcrumb","itemListElement":[{"@type":"ListItem","position":1,"name":"Home","item":"https:\/\/sentrycs.com\/"},{"@type":"ListItem","position":2,"name":"Partners"}]},{"@type":"WebSite","@id":"https:\/\/sentrycs.com\/#website","url":"https:\/\/sentrycs.com\/","name":"Sentrycs","description":"Las soluciones contra drones se adaptan a la velocidad de las amenazas","publisher":{"@id":"https:\/\/sentrycs.com\/#organization"},"potentialAction":[{"@type":"SearchAction","target":{"@type":"EntryPoint","urlTemplate":"https:\/\/sentrycs.com\/?s={search_term_string}"},"query-input":{"@type":"PropertyValueSpecification","valueRequired":true,"valueName":"search_term_string"}}],"inLanguage":"es"},{"@type":"Organization","@id":"https:\/\/sentrycs.com\/#organization","name":"Soluciones Sentrycs contra drones","url":"https:\/\/sentrycs.com\/","logo":{"@type":"ImageObject","inLanguage":"es","@id":"https:\/\/sentrycs.com\/#\/schema\/logo\/image\/","url":"","contentUrl":"","caption":"Sentrycs Counter Drone Solutions"},"image":{"@id":"https:\/\/sentrycs.com\/#\/schema\/logo\/image\/"},"sameAs":["https:\/\/x.com\/Sentrycs"]}]}},"_links":{"self":[{"href":"https:\/\/sentrycs.com\/es\/wp-json\/wp\/v2\/pages\/121","targetHints":{"allow":["GET"]}}],"collection":[{"href":"https:\/\/sentrycs.com\/es\/wp-json\/wp\/v2\/pages"}],"about":[{"href":"https:\/\/sentrycs.com\/es\/wp-json\/wp\/v2\/types\/page"}],"author":[{"embeddable":true,"href":"https:\/\/sentrycs.com\/es\/wp-json\/wp\/v2\/users\/1"}],"replies":[{"embeddable":true,"href":"https:\/\/sentrycs.com\/es\/wp-json\/wp\/v2\/comments?post=121"}],"version-history":[{"count":13,"href":"https:\/\/sentrycs.com\/es\/wp-json\/wp\/v2\/pages\/121\/revisions"}],"predecessor-version":[{"id":4457,"href":"https:\/\/sentrycs.com\/es\/wp-json\/wp\/v2\/pages\/121\/revisions\/4457"}],"wp:attachment":[{"href":"https:\/\/sentrycs.com\/es\/wp-json\/wp\/v2\/media?parent=121"}],"curies":[{"name":"wp","href":"https:\/\/api.w.org\/{rel}","templated":true}]}}