{"id":121,"date":"2023-03-27T08:43:08","date_gmt":"2023-03-27T08:43:08","guid":{"rendered":"https:\/\/sentrycs.com\/?page_id=121"},"modified":"2026-04-23T15:11:36","modified_gmt":"2026-04-23T15:11:36","slug":"partners","status":"publish","type":"page","link":"https:\/\/sentrycs.com\/fr\/partners\/","title":{"rendered":"Partenaires"},"content":{"rendered":"<div class=\"wp-block-group alignwide is-layout-constrained wp-container-core-group-is-layout-f6c3c57b wp-block-group-is-layout-constrained\" style=\"border-bottom-color:var(--wp--preset--color--base);border-bottom-width:2px;padding-top:var(--wp--preset--spacing--50);padding-bottom:var(--wp--preset--spacing--50)\">\n<h1 class=\"wp-block-heading\" id=\"h-join-the-counter-drone-ecosystem\"><span class=\"ez-toc-section\" id=\"Join_the_counter-drone_ecosystem\"><\/span>Rejoindre l'\u00e9cosyst\u00e8me des contre-drones<span class=\"ez-toc-section-end\"><\/span><\/h1>\n\n\n\n<p class=\"has-medium-font-size\">Nous nous engageons \u00e0 \u00e9tablir des partenariats qui permettent une utilisation s\u00fbre et s\u00e9curis\u00e9e des drones.<\/p>\n\n\n\n<div class=\"wp-block-buttons is-layout-flex wp-block-buttons-is-layout-flex\">\n<div class=\"wp-block-button\"><a class=\"wp-block-button__link wp-element-button\" href=\"https:\/\/sentrycs.com\/fr\/become-a-partner\/\">Devenir partenaire<\/a><\/div>\n<\/div>\n<\/div>\n\n\n\n<div class=\"wp-block-group is-layout-constrained wp-block-group-is-layout-constrained\" style=\"margin-top:var(--wp--preset--spacing--80);margin-bottom:var(--wp--preset--spacing--80)\">\n<h2 class=\"wp-block-heading\" id=\"h-why-partner-with-sentrycs\"><span class=\"ez-toc-section\" id=\"Why_Partner_With_Sentrycs\"><\/span>Pourquoi s'associer \u00e0 Sentrycs ?<span class=\"ez-toc-section-end\"><\/span><\/h2>\n\n\n\n<p class=\"has-medium-font-size\">Le programme de partenariat de Sentryc est un r\u00e9seau fiable de technologies, de solutions et de personnes qui vous aident \u00e0 fournir des solutions de lutte contre les drones qui d\u00e9veloppent votre activit\u00e9 et vous permettent de construire l'avenir d'une \u00e9conomie des drones brillante.<\/p>\n<\/div>\n\n\n\n<div class=\"wp-block-columns alignwide is-layout-flex wp-container-core-columns-is-layout-8351d469 wp-block-columns-is-layout-flex\" style=\"margin-bottom:var(--wp--preset--spacing--50)\">\n<div class=\"wp-block-column is-layout-flow wp-block-column-is-layout-flow\">\n<div class=\"wp-block-group has-base-background-color has-background is-layout-constrained wp-block-group-is-layout-constrained\" style=\"min-height:100%;padding-top:var(--wp--preset--spacing--50);padding-bottom:var(--wp--preset--spacing--50);box-shadow:var(--wp--preset--shadow--shadowinverted)\">\n<h3 class=\"wp-block-heading\" id=\"h-high-margins\"><span class=\"ez-toc-section\" id=\"High_Margins\"><\/span>Marges \u00e9lev\u00e9es<span class=\"ez-toc-section-end\"><\/span><\/h3>\n\n\n\n<p>Opportunit\u00e9s de d\u00e9velopper votre activit\u00e9 et votre r\u00e9putation tout en r\u00e9alisant des marges substantielles.<\/p>\n<\/div>\n<\/div>\n\n\n\n<div class=\"wp-block-column is-layout-flow wp-block-column-is-layout-flow\">\n<div class=\"wp-block-group has-base-background-color has-background is-layout-constrained wp-block-group-is-layout-constrained\" style=\"min-height:100%;padding-top:var(--wp--preset--spacing--50);padding-bottom:var(--wp--preset--spacing--50);box-shadow:var(--wp--preset--shadow--shadowinverted)\">\n<h3 class=\"wp-block-heading\" id=\"h-sales-amp-marketing\"><span class=\"ez-toc-section\" id=\"Sales_Marketing\"><\/span>Ventes et marketing<span class=\"ez-toc-section-end\"><\/span><\/h3>\n\n\n\n<p>Avec des ressources Sentrycs d\u00e9di\u00e9es et pr\u00eates \u00e0 vous aider, nous traitons nos partenaires comme une extension de notre \u00e9quipe.<\/p>\n<\/div>\n<\/div>\n\n\n\n<div class=\"wp-block-column is-layout-flow wp-block-column-is-layout-flow\">\n<div class=\"wp-block-group has-base-background-color has-background is-layout-constrained wp-block-group-is-layout-constrained\" style=\"min-height:100%;padding-top:var(--wp--preset--spacing--50);padding-bottom:var(--wp--preset--spacing--50);box-shadow:var(--wp--preset--shadow--shadowinverted)\">\n<h3 class=\"wp-block-heading\" id=\"h-long-term-collaboration\"><span class=\"ez-toc-section\" id=\"Long-term_collaboration\"><\/span>Collaboration \u00e0 long terme<span class=\"ez-toc-section-end\"><\/span><\/h3>\n\n\n\n<p>Sentrycs assure la formation et l'assistance n\u00e9cessaires pour que votre \u00e9quipe soit rapidement op\u00e9rationnelle.<\/p>\n<\/div>\n<\/div>\n<\/div>","protected":false},"excerpt":{"rendered":"<p>Join the counter-drone ecosystem We\u2019re committed to partnerships that enable safe and secure drone usage. Why Partner With Sentrycs? Sentryc\u2019s partner program is a trusted network of technology, solutions, and people here to help you deliver counter-drone solutions that grow your business and enable you to build the future of a bright drone economy. High <a class=\"more-link\" href=\"https:\/\/sentrycs.com\/fr\/partners\/\" title=\"Partenaires\">En savoir plus<\/a><\/p>","protected":false},"author":1,"featured_media":0,"parent":0,"menu_order":0,"comment_status":"closed","ping_status":"closed","template":"","meta":{"_acf_changed":false,"_editorskit_title_hidden":false,"_editorskit_reading_time":0,"_editorskit_is_block_options_detached":false,"_editorskit_block_options_position":"{}","footnotes":"","_links_to":"","_links_to_target":""},"class_list":["post-121","page","type-page","status-publish","hentry"],"acf":[],"yoast_head":"<!-- This site is optimized with the Yoast SEO Premium plugin v23.3 (Yoast SEO v27.1.1) - https:\/\/yoast.com\/product\/yoast-seo-premium-wordpress\/ -->\n<title>Sentryc\u2019s Partner Program | Sentrycs Counter Drone Solutions<\/title>\n<meta name=\"description\" content=\"Join Sentrycs&#039; partner program to deliver proven counter-drone solutions. Grow your business with dedicated support and a trusted global C-UAS ecosystem.\" \/>\n<meta name=\"robots\" content=\"index, follow, max-snippet:-1, max-image-preview:large, max-video-preview:-1\" \/>\n<link rel=\"canonical\" href=\"https:\/\/sentrycs.com\/fr\/partners\/\" \/>\n<meta property=\"og:locale\" content=\"fr_FR\" \/>\n<meta property=\"og:type\" content=\"article\" \/>\n<meta property=\"og:title\" content=\"Sentryc\u2019s Partner Program | Sentrycs Counter Drone Solutions\" \/>\n<meta property=\"og:description\" content=\"Join Sentrycs&#039; partner program to deliver proven counter-drone solutions. Grow your business with dedicated support and a trusted global C-UAS ecosystem.\" \/>\n<meta property=\"og:url\" content=\"https:\/\/sentrycs.com\/fr\/partners\/\" \/>\n<meta property=\"og:site_name\" content=\"Sentrycs\" \/>\n<meta property=\"article:modified_time\" content=\"2026-04-23T15:11:36+00:00\" \/>\n<meta name=\"twitter:card\" content=\"summary_large_image\" \/>\n<meta name=\"twitter:site\" content=\"@Sentrycs\" \/>\n<meta name=\"twitter:label1\" content=\"Dur\u00e9e de lecture estim\u00e9e\" \/>\n\t<meta name=\"twitter:data1\" content=\"1 minute\" \/>\n<script type=\"application\/ld+json\" class=\"yoast-schema-graph\">{\"@context\":\"https:\/\/schema.org\",\"@graph\":[{\"@type\":\"WebPage\",\"@id\":\"https:\/\/sentrycs.com\/partners\/\",\"url\":\"https:\/\/sentrycs.com\/partners\/\",\"name\":\"Sentryc\u2019s Partner Program | Sentrycs Counter Drone Solutions\",\"isPartOf\":{\"@id\":\"https:\/\/sentrycs.com\/#website\"},\"datePublished\":\"2023-03-27T08:43:08+00:00\",\"dateModified\":\"2026-04-23T15:11:36+00:00\",\"description\":\"Join Sentrycs' partner program to deliver proven counter-drone solutions. Grow your business with dedicated support and a trusted global C-UAS ecosystem.\",\"breadcrumb\":{\"@id\":\"https:\/\/sentrycs.com\/partners\/#breadcrumb\"},\"inLanguage\":\"fr-FR\",\"potentialAction\":[{\"@type\":\"ReadAction\",\"target\":[\"https:\/\/sentrycs.com\/partners\/\"]}]},{\"@type\":\"BreadcrumbList\",\"@id\":\"https:\/\/sentrycs.com\/partners\/#breadcrumb\",\"itemListElement\":[{\"@type\":\"ListItem\",\"position\":1,\"name\":\"Home\",\"item\":\"https:\/\/sentrycs.com\/\"},{\"@type\":\"ListItem\",\"position\":2,\"name\":\"Partners\"}]},{\"@type\":\"WebSite\",\"@id\":\"https:\/\/sentrycs.com\/#website\",\"url\":\"https:\/\/sentrycs.com\/\",\"name\":\"Sentrycs\",\"description\":\"Counter-drone Solutions Adapting at the Speed of Threat\",\"publisher\":{\"@id\":\"https:\/\/sentrycs.com\/#organization\"},\"potentialAction\":[{\"@type\":\"SearchAction\",\"target\":{\"@type\":\"EntryPoint\",\"urlTemplate\":\"https:\/\/sentrycs.com\/?s={search_term_string}\"},\"query-input\":{\"@type\":\"PropertyValueSpecification\",\"valueRequired\":true,\"valueName\":\"search_term_string\"}}],\"inLanguage\":\"fr-FR\"},{\"@type\":\"Organization\",\"@id\":\"https:\/\/sentrycs.com\/#organization\",\"name\":\"Sentrycs Counter Drone Solutions\",\"url\":\"https:\/\/sentrycs.com\/\",\"logo\":{\"@type\":\"ImageObject\",\"inLanguage\":\"fr-FR\",\"@id\":\"https:\/\/sentrycs.com\/#\/schema\/logo\/image\/\",\"url\":\"\",\"contentUrl\":\"\",\"caption\":\"Sentrycs Counter Drone Solutions\"},\"image\":{\"@id\":\"https:\/\/sentrycs.com\/#\/schema\/logo\/image\/\"},\"sameAs\":[\"https:\/\/x.com\/Sentrycs\"]}]}<\/script>\n<!-- \/ Yoast SEO Premium plugin. -->","yoast_head_json":{"title":"Programme de partenariat de Sentryc - Solutions de contre-drones de Sentryc","description":"Join Sentrycs' partner program to deliver proven counter-drone solutions. Grow your business with dedicated support and a trusted global C-UAS ecosystem.","robots":{"index":"index","follow":"follow","max-snippet":"max-snippet:-1","max-image-preview":"max-image-preview:large","max-video-preview":"max-video-preview:-1"},"canonical":"https:\/\/sentrycs.com\/fr\/partners\/","og_locale":"fr_FR","og_type":"article","og_title":"Sentryc\u2019s Partner Program | Sentrycs Counter Drone Solutions","og_description":"Join Sentrycs' partner program to deliver proven counter-drone solutions. Grow your business with dedicated support and a trusted global C-UAS ecosystem.","og_url":"https:\/\/sentrycs.com\/fr\/partners\/","og_site_name":"Sentrycs","article_modified_time":"2026-04-23T15:11:36+00:00","twitter_card":"summary_large_image","twitter_site":"@Sentrycs","twitter_misc":{"Dur\u00e9e de lecture estim\u00e9e":"1 minute"},"schema":{"@context":"https:\/\/schema.org","@graph":[{"@type":"WebPage","@id":"https:\/\/sentrycs.com\/partners\/","url":"https:\/\/sentrycs.com\/partners\/","name":"Programme de partenariat de Sentryc - Solutions de contre-drones de Sentryc","isPartOf":{"@id":"https:\/\/sentrycs.com\/#website"},"datePublished":"2023-03-27T08:43:08+00:00","dateModified":"2026-04-23T15:11:36+00:00","description":"Join Sentrycs' partner program to deliver proven counter-drone solutions. Grow your business with dedicated support and a trusted global C-UAS ecosystem.","breadcrumb":{"@id":"https:\/\/sentrycs.com\/partners\/#breadcrumb"},"inLanguage":"fr-FR","potentialAction":[{"@type":"ReadAction","target":["https:\/\/sentrycs.com\/partners\/"]}]},{"@type":"BreadcrumbList","@id":"https:\/\/sentrycs.com\/partners\/#breadcrumb","itemListElement":[{"@type":"ListItem","position":1,"name":"Home","item":"https:\/\/sentrycs.com\/"},{"@type":"ListItem","position":2,"name":"Partners"}]},{"@type":"WebSite","@id":"https:\/\/sentrycs.com\/#website","url":"https:\/\/sentrycs.com\/","name":"Sentrycs","description":"Les solutions anti-drones s'adaptent \u00e0 la vitesse de la menace","publisher":{"@id":"https:\/\/sentrycs.com\/#organization"},"potentialAction":[{"@type":"SearchAction","target":{"@type":"EntryPoint","urlTemplate":"https:\/\/sentrycs.com\/?s={search_term_string}"},"query-input":{"@type":"PropertyValueSpecification","valueRequired":true,"valueName":"search_term_string"}}],"inLanguage":"fr-FR"},{"@type":"Organization","@id":"https:\/\/sentrycs.com\/#organization","name":"Solutions de contre-drones Sentrycs","url":"https:\/\/sentrycs.com\/","logo":{"@type":"ImageObject","inLanguage":"fr-FR","@id":"https:\/\/sentrycs.com\/#\/schema\/logo\/image\/","url":"","contentUrl":"","caption":"Sentrycs Counter Drone Solutions"},"image":{"@id":"https:\/\/sentrycs.com\/#\/schema\/logo\/image\/"},"sameAs":["https:\/\/x.com\/Sentrycs"]}]}},"_links":{"self":[{"href":"https:\/\/sentrycs.com\/fr\/wp-json\/wp\/v2\/pages\/121","targetHints":{"allow":["GET"]}}],"collection":[{"href":"https:\/\/sentrycs.com\/fr\/wp-json\/wp\/v2\/pages"}],"about":[{"href":"https:\/\/sentrycs.com\/fr\/wp-json\/wp\/v2\/types\/page"}],"author":[{"embeddable":true,"href":"https:\/\/sentrycs.com\/fr\/wp-json\/wp\/v2\/users\/1"}],"replies":[{"embeddable":true,"href":"https:\/\/sentrycs.com\/fr\/wp-json\/wp\/v2\/comments?post=121"}],"version-history":[{"count":13,"href":"https:\/\/sentrycs.com\/fr\/wp-json\/wp\/v2\/pages\/121\/revisions"}],"predecessor-version":[{"id":4457,"href":"https:\/\/sentrycs.com\/fr\/wp-json\/wp\/v2\/pages\/121\/revisions\/4457"}],"wp:attachment":[{"href":"https:\/\/sentrycs.com\/fr\/wp-json\/wp\/v2\/media?parent=121"}],"curies":[{"name":"wp","href":"https:\/\/api.w.org\/{rel}","templated":true}]}}