{"id":44,"date":"2023-03-26T11:36:40","date_gmt":"2023-03-26T11:36:40","guid":{"rendered":"https:\/\/sentrycs.com\/?page_id=44"},"modified":"2026-01-13T18:11:26","modified_gmt":"2026-01-13T18:11:26","slug":"request-a-demo","status":"publish","type":"page","link":"https:\/\/sentrycs.com\/fr\/request-a-demo\/","title":{"rendered":"Demander une d\u00e9mo"},"content":{"rendered":"<div class=\"wp-block-columns alignwide is-layout-flex wp-container-core-columns-is-layout-cbe57604 wp-block-columns-is-layout-flex\">\n<div class=\"wp-block-column is-layout-flow wp-block-column-is-layout-flow\"><h1 class=\"wp-block-post-title\"><span class=\"ez-toc-section\" id=\"Request_a_demo\"><\/span>Demander une d\u00e9mo<span class=\"ez-toc-section-end\"><\/span><\/h1>\n\n\n<h3 class=\"wp-block-heading\" id=\"h-protect-your-sky-and-power-a-safe-drone-driven-future\"><span class=\"ez-toc-section\" id=\"Protect_your_sky_and_power_a_safe_drone-driven_future\"><\/span>Prot\u00e9ger le ciel et promouvoir un futur optimis\u00e9 par le progr\u00e8s apport\u00e9 par les drones<span class=\"ez-toc-section-end\"><\/span><\/h3>\n\n\n\n<p>Contactez nos \u00e9quipes pour d\u00e9couvrir notre platforme et voir Sentrycs en action.<\/p>\n<\/div>\n\n\n\n<div class=\"wp-block-column is-layout-flow wp-block-column-is-layout-flow\"><div class=\"wp-block-sentrycs-blocks-hubspot-form wp-block-sentrycs-blocks-hubspot-form\" data-portal-id=\"26475333\" data-form-id=\"0e8c275d-b71d-41c6-be40-cfca35641fc0\"><div id=\"hubspot-form-1\"><\/div><\/div><\/div>\n<\/div>","protected":false},"excerpt":{"rendered":"<p>Prot\u00e9gez votre ciel et assurez un avenir s\u00fbr aux drones Contactez notre \u00e9quipe pour en savoir plus sur les Sentrycs et voir notre plateforme en action.<\/p>","protected":false},"author":1,"featured_media":0,"parent":0,"menu_order":0,"comment_status":"closed","ping_status":"closed","template":"","meta":{"_acf_changed":false,"_editorskit_title_hidden":false,"_editorskit_reading_time":0,"_editorskit_is_block_options_detached":false,"_editorskit_block_options_position":"{}","footnotes":"","_links_to":"","_links_to_target":""},"class_list":["post-44","page","type-page","status-publish","hentry"],"acf":[],"yoast_head":"<!-- This site is optimized with the Yoast SEO Premium plugin v23.3 (Yoast SEO v27.1.1) - https:\/\/yoast.com\/product\/yoast-seo-premium-wordpress\/ -->\n<title>Request a Platform Demo | Sentrycs Counter Drone Solutions<\/title>\n<meta name=\"description\" content=\"Protect your sky and power a safe drone-driven future. Speak with our team to learn more about Sentrycs and see our platform in action. Request a demo today.\" \/>\n<meta name=\"robots\" content=\"index, follow, max-snippet:-1, max-image-preview:large, max-video-preview:-1\" \/>\n<link rel=\"canonical\" href=\"https:\/\/sentrycs.com\/fr\/request-a-demo\/\" \/>\n<meta property=\"og:locale\" content=\"fr_FR\" \/>\n<meta property=\"og:type\" content=\"article\" \/>\n<meta property=\"og:title\" content=\"Request a Platform Demo | Sentrycs Counter Drone Solutions\" \/>\n<meta property=\"og:description\" content=\"Protect your sky and power a safe drone-driven future. Speak with our team to learn more about Sentrycs and see our platform in action. Request a demo today.\" \/>\n<meta property=\"og:url\" content=\"https:\/\/sentrycs.com\/fr\/request-a-demo\/\" \/>\n<meta property=\"og:site_name\" content=\"Sentrycs\" \/>\n<meta property=\"article:modified_time\" content=\"2026-01-13T18:11:26+00:00\" \/>\n<meta name=\"twitter:card\" content=\"summary_large_image\" \/>\n<meta name=\"twitter:site\" content=\"@Sentrycs\" \/>\n<meta name=\"twitter:label1\" content=\"Dur\u00e9e de lecture estim\u00e9e\" \/>\n\t<meta name=\"twitter:data1\" content=\"1 minute\" \/>\n<script type=\"application\/ld+json\" class=\"yoast-schema-graph\">{\"@context\":\"https:\/\/schema.org\",\"@graph\":[{\"@type\":\"WebPage\",\"@id\":\"https:\/\/sentrycs.com\/request-a-demo\/\",\"url\":\"https:\/\/sentrycs.com\/request-a-demo\/\",\"name\":\"Request a Platform Demo | Sentrycs Counter Drone Solutions\",\"isPartOf\":{\"@id\":\"https:\/\/sentrycs.com\/#website\"},\"datePublished\":\"2023-03-26T11:36:40+00:00\",\"dateModified\":\"2026-01-13T18:11:26+00:00\",\"description\":\"Protect your sky and power a safe drone-driven future. Speak with our team to learn more about Sentrycs and see our platform in action. Request a demo today.\",\"breadcrumb\":{\"@id\":\"https:\/\/sentrycs.com\/request-a-demo\/#breadcrumb\"},\"inLanguage\":\"fr-FR\",\"potentialAction\":[{\"@type\":\"ReadAction\",\"target\":[\"https:\/\/sentrycs.com\/request-a-demo\/\"]}]},{\"@type\":\"BreadcrumbList\",\"@id\":\"https:\/\/sentrycs.com\/request-a-demo\/#breadcrumb\",\"itemListElement\":[{\"@type\":\"ListItem\",\"position\":1,\"name\":\"Home\",\"item\":\"https:\/\/sentrycs.com\/\"},{\"@type\":\"ListItem\",\"position\":2,\"name\":\"Request a demo\"}]},{\"@type\":\"WebSite\",\"@id\":\"https:\/\/sentrycs.com\/#website\",\"url\":\"https:\/\/sentrycs.com\/\",\"name\":\"Sentrycs\",\"description\":\"Counter-drone Solutions Adapting at the Speed of Threat\",\"publisher\":{\"@id\":\"https:\/\/sentrycs.com\/#organization\"},\"potentialAction\":[{\"@type\":\"SearchAction\",\"target\":{\"@type\":\"EntryPoint\",\"urlTemplate\":\"https:\/\/sentrycs.com\/?s={search_term_string}\"},\"query-input\":{\"@type\":\"PropertyValueSpecification\",\"valueRequired\":true,\"valueName\":\"search_term_string\"}}],\"inLanguage\":\"fr-FR\"},{\"@type\":\"Organization\",\"@id\":\"https:\/\/sentrycs.com\/#organization\",\"name\":\"Sentrycs Counter Drone Solutions\",\"url\":\"https:\/\/sentrycs.com\/\",\"logo\":{\"@type\":\"ImageObject\",\"inLanguage\":\"fr-FR\",\"@id\":\"https:\/\/sentrycs.com\/#\/schema\/logo\/image\/\",\"url\":\"\",\"contentUrl\":\"\",\"caption\":\"Sentrycs Counter Drone Solutions\"},\"image\":{\"@id\":\"https:\/\/sentrycs.com\/#\/schema\/logo\/image\/\"},\"sameAs\":[\"https:\/\/x.com\/Sentrycs\"]}]}<\/script>\n<!-- \/ Yoast SEO Premium plugin. -->","yoast_head_json":{"title":"Demander une d\u00e9monstration de la plateforme Sentrycs Counter Drone Solutions","description":"Prot\u00e9gez votre ciel et favorisez un avenir s\u00fbr pour les drones. Contactez notre \u00e9quipe pour en savoir plus sur Sentrycs et voir notre plateforme en action. Demandez une d\u00e9monstration d\u00e8s aujourd'hui.","robots":{"index":"index","follow":"follow","max-snippet":"max-snippet:-1","max-image-preview":"max-image-preview:large","max-video-preview":"max-video-preview:-1"},"canonical":"https:\/\/sentrycs.com\/fr\/request-a-demo\/","og_locale":"fr_FR","og_type":"article","og_title":"Request a Platform Demo | Sentrycs Counter Drone Solutions","og_description":"Protect your sky and power a safe drone-driven future. Speak with our team to learn more about Sentrycs and see our platform in action. Request a demo today.","og_url":"https:\/\/sentrycs.com\/fr\/request-a-demo\/","og_site_name":"Sentrycs","article_modified_time":"2026-01-13T18:11:26+00:00","twitter_card":"summary_large_image","twitter_site":"@Sentrycs","twitter_misc":{"Dur\u00e9e de lecture estim\u00e9e":"1 minute"},"schema":{"@context":"https:\/\/schema.org","@graph":[{"@type":"WebPage","@id":"https:\/\/sentrycs.com\/request-a-demo\/","url":"https:\/\/sentrycs.com\/request-a-demo\/","name":"Demander une d\u00e9monstration de la plateforme Sentrycs Counter Drone Solutions","isPartOf":{"@id":"https:\/\/sentrycs.com\/#website"},"datePublished":"2023-03-26T11:36:40+00:00","dateModified":"2026-01-13T18:11:26+00:00","description":"Prot\u00e9gez votre ciel et favorisez un avenir s\u00fbr pour les drones. Contactez notre \u00e9quipe pour en savoir plus sur Sentrycs et voir notre plateforme en action. Demandez une d\u00e9monstration d\u00e8s aujourd'hui.","breadcrumb":{"@id":"https:\/\/sentrycs.com\/request-a-demo\/#breadcrumb"},"inLanguage":"fr-FR","potentialAction":[{"@type":"ReadAction","target":["https:\/\/sentrycs.com\/request-a-demo\/"]}]},{"@type":"BreadcrumbList","@id":"https:\/\/sentrycs.com\/request-a-demo\/#breadcrumb","itemListElement":[{"@type":"ListItem","position":1,"name":"Home","item":"https:\/\/sentrycs.com\/"},{"@type":"ListItem","position":2,"name":"Request a demo"}]},{"@type":"WebSite","@id":"https:\/\/sentrycs.com\/#website","url":"https:\/\/sentrycs.com\/","name":"Sentrycs","description":"Les solutions anti-drones s'adaptent \u00e0 la vitesse de la menace","publisher":{"@id":"https:\/\/sentrycs.com\/#organization"},"potentialAction":[{"@type":"SearchAction","target":{"@type":"EntryPoint","urlTemplate":"https:\/\/sentrycs.com\/?s={search_term_string}"},"query-input":{"@type":"PropertyValueSpecification","valueRequired":true,"valueName":"search_term_string"}}],"inLanguage":"fr-FR"},{"@type":"Organization","@id":"https:\/\/sentrycs.com\/#organization","name":"Solutions de contre-drones Sentrycs","url":"https:\/\/sentrycs.com\/","logo":{"@type":"ImageObject","inLanguage":"fr-FR","@id":"https:\/\/sentrycs.com\/#\/schema\/logo\/image\/","url":"","contentUrl":"","caption":"Sentrycs Counter Drone Solutions"},"image":{"@id":"https:\/\/sentrycs.com\/#\/schema\/logo\/image\/"},"sameAs":["https:\/\/x.com\/Sentrycs"]}]}},"_links":{"self":[{"href":"https:\/\/sentrycs.com\/fr\/wp-json\/wp\/v2\/pages\/44","targetHints":{"allow":["GET"]}}],"collection":[{"href":"https:\/\/sentrycs.com\/fr\/wp-json\/wp\/v2\/pages"}],"about":[{"href":"https:\/\/sentrycs.com\/fr\/wp-json\/wp\/v2\/types\/page"}],"author":[{"embeddable":true,"href":"https:\/\/sentrycs.com\/fr\/wp-json\/wp\/v2\/users\/1"}],"replies":[{"embeddable":true,"href":"https:\/\/sentrycs.com\/fr\/wp-json\/wp\/v2\/comments?post=44"}],"version-history":[{"count":9,"href":"https:\/\/sentrycs.com\/fr\/wp-json\/wp\/v2\/pages\/44\/revisions"}],"predecessor-version":[{"id":4449,"href":"https:\/\/sentrycs.com\/fr\/wp-json\/wp\/v2\/pages\/44\/revisions\/4449"}],"wp:attachment":[{"href":"https:\/\/sentrycs.com\/fr\/wp-json\/wp\/v2\/media?parent=44"}],"curies":[{"name":"wp","href":"https:\/\/api.w.org\/{rel}","templated":true}]}}