{"id":1084,"date":"2023-04-13T07:18:01","date_gmt":"2023-04-13T07:18:01","guid":{"rendered":"https:\/\/sentrycs.com\/?page_id=1084"},"modified":"2026-01-13T11:15:06","modified_gmt":"2026-01-13T11:15:06","slug":"login","status":"publish","type":"page","link":"https:\/\/sentrycs.com\/lt\/login\/","title":{"rendered":"Prisijungimas"},"content":{"rendered":"<fieldset><legend>Prisijungimas<\/legend><form name=\"loginform\" id=\"loginform\" action=\"https:\/\/sentrycs.com\/wp-login.php\" method=\"post\" data-trp-original-action=\"https:\/\/sentrycs.com\/wp-login.php\"><p class=\"login-username\">\n\t\t\t\t<label for=\"user_login\">Vartotojo vardas arba el.pa\u0161tas<\/label>\n\t\t\t\t<input type=\"text\" name=\"log\" id=\"user_login\" autocomplete=\"username\" class=\"input\" value=\"\" size=\"20\" \/>\n\t\t\t<\/p><p class=\"login-password\">\n\t\t\t\t<label for=\"user_pass\">Slapta\u017eodis<\/label>\n\t\t\t\t<input type=\"password\" name=\"pwd\" id=\"user_pass\" autocomplete=\"current-password\" spellcheck=\"false\" class=\"input\" value=\"\" size=\"20\" \/>\n\t\t\t<\/p><p class=\"login-remember\"><label><input name=\"rememberme\" type=\"checkbox\" id=\"rememberme\" value=\"forever\" checked=\"checked\" \/> Prisiminti duomenis<\/label><\/p><p class=\"login-submit\">\n\t\t\t\t<input type=\"submit\" name=\"wp-submit\" id=\"wp-submit\" class=\"button button-primary\" value=\"Prisijungti\" \/>\n\t\t\t\t<input type=\"hidden\" name=\"redirect_to\" value=\"https:\/\/sentrycs.com\/my-account\/\" \/>\n\t\t\t<\/p><input type=\"hidden\" name=\"trp-form-language\" value=\"lt\"\/><\/form><p class=\"text-center\"><a href=\"\/lt\/reset-password\/\">Pamir\u0161ote slapta\u017eod\u012f?<\/a><\/p><\/fieldset>\n\n\n\n<div style=\"height:var(--wp--preset--spacing--50)\" aria-hidden=\"true\" class=\"wp-block-spacer\"><\/div>","protected":false},"excerpt":{"rendered":"","protected":false},"author":1,"featured_media":0,"parent":0,"menu_order":0,"comment_status":"closed","ping_status":"closed","template":"page-with-title","meta":{"_acf_changed":false,"_editorskit_title_hidden":false,"_editorskit_reading_time":0,"_editorskit_is_block_options_detached":false,"_editorskit_block_options_position":"{}","footnotes":"","_links_to":"","_links_to_target":""},"class_list":["post-1084","page","type-page","status-publish","hentry"],"acf":[],"yoast_head":"<!-- This site is optimized with the Yoast SEO Premium plugin v23.3 (Yoast SEO v27.1.1) - https:\/\/yoast.com\/product\/yoast-seo-premium-wordpress\/ -->\n<title>Customer Login Portal | Sentrycs Counter Drone Solutions<\/title>\n<meta name=\"description\" content=\"Log in to the customer portal for a fully integrated counter-drone solution. Sentrycs has been developed to protect dense urban areas from rogue commercial drones\" \/>\n<meta name=\"robots\" content=\"index, follow, max-snippet:-1, max-image-preview:large, max-video-preview:-1\" \/>\n<link rel=\"canonical\" href=\"https:\/\/sentrycs.com\/lt\/login\/\" \/>\n<meta property=\"og:locale\" content=\"lt_LT\" \/>\n<meta property=\"og:type\" content=\"article\" \/>\n<meta property=\"og:title\" content=\"Customer Login Portal | Sentrycs Counter Drone Solutions\" \/>\n<meta property=\"og:description\" content=\"Log in to the customer portal for a fully integrated counter-drone solution. Sentrycs has been developed to protect dense urban areas from rogue commercial drones\" \/>\n<meta property=\"og:url\" content=\"https:\/\/sentrycs.com\/lt\/login\/\" \/>\n<meta property=\"og:site_name\" content=\"Sentrycs\" \/>\n<meta property=\"article:modified_time\" content=\"2026-01-13T11:15:06+00:00\" \/>\n<meta name=\"twitter:card\" content=\"summary_large_image\" \/>\n<meta name=\"twitter:site\" content=\"@Sentrycs\" \/>\n<meta name=\"twitter:label1\" content=\"Est. reading time\" \/>\n\t<meta name=\"twitter:data1\" content=\"1 minut\u0117\" \/>\n<script type=\"application\/ld+json\" class=\"yoast-schema-graph\">{\"@context\":\"https:\/\/schema.org\",\"@graph\":[{\"@type\":\"WebPage\",\"@id\":\"https:\/\/sentrycs.com\/login\/\",\"url\":\"https:\/\/sentrycs.com\/login\/\",\"name\":\"Customer Login Portal | Sentrycs Counter Drone Solutions\",\"isPartOf\":{\"@id\":\"https:\/\/sentrycs.com\/#website\"},\"datePublished\":\"2023-04-13T07:18:01+00:00\",\"dateModified\":\"2026-01-13T11:15:06+00:00\",\"description\":\"Log in to the customer portal for a fully integrated counter-drone solution. Sentrycs has been developed to protect dense urban areas from rogue commercial drones\",\"breadcrumb\":{\"@id\":\"https:\/\/sentrycs.com\/login\/#breadcrumb\"},\"inLanguage\":\"lt-LT\",\"potentialAction\":[{\"@type\":\"ReadAction\",\"target\":[\"https:\/\/sentrycs.com\/login\/\"]}]},{\"@type\":\"BreadcrumbList\",\"@id\":\"https:\/\/sentrycs.com\/login\/#breadcrumb\",\"itemListElement\":[{\"@type\":\"ListItem\",\"position\":1,\"name\":\"Home\",\"item\":\"https:\/\/sentrycs.com\/\"},{\"@type\":\"ListItem\",\"position\":2,\"name\":\"Login\"}]},{\"@type\":\"WebSite\",\"@id\":\"https:\/\/sentrycs.com\/#website\",\"url\":\"https:\/\/sentrycs.com\/\",\"name\":\"Sentrycs\",\"description\":\"Counter-drone Solutions Adapting at the Speed of Threat\",\"publisher\":{\"@id\":\"https:\/\/sentrycs.com\/#organization\"},\"potentialAction\":[{\"@type\":\"SearchAction\",\"target\":{\"@type\":\"EntryPoint\",\"urlTemplate\":\"https:\/\/sentrycs.com\/?s={search_term_string}\"},\"query-input\":{\"@type\":\"PropertyValueSpecification\",\"valueRequired\":true,\"valueName\":\"search_term_string\"}}],\"inLanguage\":\"lt-LT\"},{\"@type\":\"Organization\",\"@id\":\"https:\/\/sentrycs.com\/#organization\",\"name\":\"Sentrycs Counter Drone Solutions\",\"url\":\"https:\/\/sentrycs.com\/\",\"logo\":{\"@type\":\"ImageObject\",\"inLanguage\":\"lt-LT\",\"@id\":\"https:\/\/sentrycs.com\/#\/schema\/logo\/image\/\",\"url\":\"\",\"contentUrl\":\"\",\"caption\":\"Sentrycs Counter Drone Solutions\"},\"image\":{\"@id\":\"https:\/\/sentrycs.com\/#\/schema\/logo\/image\/\"},\"sameAs\":[\"https:\/\/x.com\/Sentrycs\"]}]}<\/script>\n<!-- \/ Yoast SEO Premium plugin. -->","yoast_head_json":{"title":"Klient\u0173 prisijungimo portalas | Sentrycs Counter Drone Solutions","description":"Prisijunkite prie klient\u0173 portalo, kad gautum\u0117te visi\u0161kai integruot\u0105 kovos su dronais sprendim\u0105. \"Sentrycs\" sukurtas siekiant apsaugoti tankiai apgyvendintas miest\u0173 teritorijas nuo nes\u0105\u017eining\u0173 komercini\u0173 dron\u0173","robots":{"index":"index","follow":"follow","max-snippet":"max-snippet:-1","max-image-preview":"max-image-preview:large","max-video-preview":"max-video-preview:-1"},"canonical":"https:\/\/sentrycs.com\/lt\/login\/","og_locale":"lt_LT","og_type":"article","og_title":"Customer Login Portal | Sentrycs Counter Drone Solutions","og_description":"Log in to the customer portal for a fully integrated counter-drone solution. Sentrycs has been developed to protect dense urban areas from rogue commercial drones","og_url":"https:\/\/sentrycs.com\/lt\/login\/","og_site_name":"Sentrycs","article_modified_time":"2026-01-13T11:15:06+00:00","twitter_card":"summary_large_image","twitter_site":"@Sentrycs","twitter_misc":{"Est. reading time":"1 minut\u0117"},"schema":{"@context":"https:\/\/schema.org","@graph":[{"@type":"WebPage","@id":"https:\/\/sentrycs.com\/login\/","url":"https:\/\/sentrycs.com\/login\/","name":"Klient\u0173 prisijungimo portalas | Sentrycs Counter Drone Solutions","isPartOf":{"@id":"https:\/\/sentrycs.com\/#website"},"datePublished":"2023-04-13T07:18:01+00:00","dateModified":"2026-01-13T11:15:06+00:00","description":"Prisijunkite prie klient\u0173 portalo, kad gautum\u0117te visi\u0161kai integruot\u0105 kovos su dronais sprendim\u0105. \"Sentrycs\" sukurtas siekiant apsaugoti tankiai apgyvendintas miest\u0173 teritorijas nuo nes\u0105\u017eining\u0173 komercini\u0173 dron\u0173","breadcrumb":{"@id":"https:\/\/sentrycs.com\/login\/#breadcrumb"},"inLanguage":"lt-LT","potentialAction":[{"@type":"ReadAction","target":["https:\/\/sentrycs.com\/login\/"]}]},{"@type":"BreadcrumbList","@id":"https:\/\/sentrycs.com\/login\/#breadcrumb","itemListElement":[{"@type":"ListItem","position":1,"name":"Home","item":"https:\/\/sentrycs.com\/"},{"@type":"ListItem","position":2,"name":"Login"}]},{"@type":"WebSite","@id":"https:\/\/sentrycs.com\/#website","url":"https:\/\/sentrycs.com\/","name":"Sentrycs","description":"Kovos su dronais sprendimai, prisitaikantys prie gr\u0117sm\u0117s grei\u010dio","publisher":{"@id":"https:\/\/sentrycs.com\/#organization"},"potentialAction":[{"@type":"SearchAction","target":{"@type":"EntryPoint","urlTemplate":"https:\/\/sentrycs.com\/?s={search_term_string}"},"query-input":{"@type":"PropertyValueSpecification","valueRequired":true,"valueName":"search_term_string"}}],"inLanguage":"lt-LT"},{"@type":"Organization","@id":"https:\/\/sentrycs.com\/#organization","name":"\"Sentrycs\" kovos su dronais sprendimai","url":"https:\/\/sentrycs.com\/","logo":{"@type":"ImageObject","inLanguage":"lt-LT","@id":"https:\/\/sentrycs.com\/#\/schema\/logo\/image\/","url":"","contentUrl":"","caption":"Sentrycs Counter Drone Solutions"},"image":{"@id":"https:\/\/sentrycs.com\/#\/schema\/logo\/image\/"},"sameAs":["https:\/\/x.com\/Sentrycs"]}]}},"_links":{"self":[{"href":"https:\/\/sentrycs.com\/lt\/wp-json\/wp\/v2\/pages\/1084","targetHints":{"allow":["GET"]}}],"collection":[{"href":"https:\/\/sentrycs.com\/lt\/wp-json\/wp\/v2\/pages"}],"about":[{"href":"https:\/\/sentrycs.com\/lt\/wp-json\/wp\/v2\/types\/page"}],"author":[{"embeddable":true,"href":"https:\/\/sentrycs.com\/lt\/wp-json\/wp\/v2\/users\/1"}],"replies":[{"embeddable":true,"href":"https:\/\/sentrycs.com\/lt\/wp-json\/wp\/v2\/comments?post=1084"}],"version-history":[{"count":3,"href":"https:\/\/sentrycs.com\/lt\/wp-json\/wp\/v2\/pages\/1084\/revisions"}],"predecessor-version":[{"id":4301,"href":"https:\/\/sentrycs.com\/lt\/wp-json\/wp\/v2\/pages\/1084\/revisions\/4301"}],"wp:attachment":[{"href":"https:\/\/sentrycs.com\/lt\/wp-json\/wp\/v2\/media?parent=1084"}],"curies":[{"name":"wp","href":"https:\/\/api.w.org\/{rel}","templated":true}]}}