{"id":1226,"date":"2023-06-11T10:20:29","date_gmt":"2023-06-11T10:20:29","guid":{"rendered":"https:\/\/sentrycs.com\/?page_id=1226"},"modified":"2026-01-13T11:12:56","modified_gmt":"2026-01-13T11:12:56","slug":"my-account","status":"publish","type":"page","link":"https:\/\/sentrycs.com\/lt\/my-account\/","title":{"rendered":"Mano paskyra"},"content":{"rendered":"<div class=\"wp-block-columns alignfull is-layout-flex wp-container-core-columns-is-layout-28f84493 wp-block-columns-is-layout-flex\">\n<div class=\"wp-block-column is-layout-flow wp-block-column-is-layout-flow\">\n<div class=\"wp-block-group has-base-background-color has-background is-layout-constrained wp-block-group-is-layout-constrained\" style=\"box-shadow:var(--wp--preset--shadow--shadowinverted)\">\n<h3 class=\"wp-block-heading\" id=\"h-knowledge-base\"><span class=\"ez-toc-section\" id=\"Knowledge_Base\"><\/span>\u017dini\u0173 baz\u0117<span class=\"ez-toc-section-end\"><\/span><\/h3>\n\n\n\n<div class=\"wp-block-group arrow-top-right is-content-justification-space-between is-nowrap is-layout-flex wp-container-core-group-is-layout-cb46ffcb wp-block-group-is-layout-flex\">\n<p><a href=\"https:\/\/sentrycs.com\/lt\/knowledge-base\/\">Eikite \u012f<\/a><\/p>\n\n\n<div class=\"wp-block-safe-svg-svg-icon safe-svg-cover\" style=\"text-align: left;\">\n\t\t\t\t<div class=\"safe-svg-inside safe-svg-inline arrow-icon\" style=\"width: 40px; height: 40px; background-color: var(--wp--preset--color--black); color: var(--wp--preset--color--); padding-top: 0; padding-right: 0; padding-bottom: 0; padding-left: 0; margin-top: 0; margin-right: 0; margin-bottom: 0; margin-left: 0;\"><?xml version=\"1.0\" encoding=\"UTF-8\"?> <svg xmlns=\"http:\/\/www.w3.org\/2000\/svg\" id=\"Component_5_18\" data-name=\"Component 5 \u2013 18\" width=\"61\" height=\"61\" viewbox=\"0 0 61 61\"><g id=\"Group_34\" data-name=\"Group 34\" transform=\"translate(-864.389 -519.555)\"><path id=\"Line_3-2\" data-name=\"Line 3\" d=\"M-.855,10-3.536,7.319,7.319-3.536,10-.855Z\" transform=\"translate(900.924 537.555)\" fill=\"#fff\"><\/path><path id=\"Path_1-2\" data-name=\"Path 1\" d=\"M912.389,547.489h-4.025V536.58H897.454v-4.025h12.922l2.013,2.013Z\" fill=\"#fff\"><\/path><\/g><g id=\"Group_52\" data-name=\"Group 52\" transform=\"translate(-897.389 -486.555)\"><path id=\"Line_3-3\" data-name=\"Line 3\" d=\"M-.855,10-3.536,7.319,7.319-3.536,10-.855Z\" transform=\"translate(900.924 537.555)\" fill=\"#fff\"><\/path><path id=\"Path_1-3\" data-name=\"Path 1\" d=\"M912.389,547.489h-4.025V536.58H897.454v-4.025h12.922l2.013,2.013Z\" fill=\"#fff\"><\/path><\/g><\/svg> <\/div>\n\t\t\t<\/div><\/div>\n<\/div>\n<\/div>\n\n\n\n<div class=\"wp-block-column is-layout-flow wp-block-column-is-layout-flow\">\n<div class=\"wp-block-group has-base-background-color has-background is-content-justification-left is-layout-constrained wp-container-core-group-is-layout-12dd3699 wp-block-group-is-layout-constrained\" style=\"box-shadow:var(--wp--preset--shadow--shadowinverted)\">\n<h3 class=\"wp-block-heading\" id=\"h-support\"><span class=\"ez-toc-section\" id=\"Support\"><\/span>Parama<span class=\"ez-toc-section-end\"><\/span><\/h3>\n\n\n\n<div class=\"wp-block-group arrow-top-right is-content-justification-space-between is-nowrap is-layout-flex wp-container-core-group-is-layout-cb46ffcb wp-block-group-is-layout-flex\">\n<p><a href=\"https:\/\/sentrycs.com\/lt\/support\/\">Eikite \u012f<\/a><\/p>\n\n\n<div class=\"wp-block-safe-svg-svg-icon safe-svg-cover\" style=\"text-align: left;\">\n\t\t\t\t<div class=\"safe-svg-inside safe-svg-inline arrow-icon\" style=\"width: 40px; height: 40px; background-color: var(--wp--preset--color--black); color: var(--wp--preset--color--); padding-top: 0; padding-right: 0; padding-bottom: 0; padding-left: 0; margin-top: 0; margin-right: 0; margin-bottom: 0; margin-left: 0;\"><?xml version=\"1.0\" encoding=\"UTF-8\"?> <svg xmlns=\"http:\/\/www.w3.org\/2000\/svg\" id=\"Component_5_18\" data-name=\"Component 5 \u2013 18\" width=\"61\" height=\"61\" viewbox=\"0 0 61 61\"><g id=\"Group_34\" data-name=\"Group 34\" transform=\"translate(-864.389 -519.555)\"><path id=\"Line_3-2\" data-name=\"Line 3\" d=\"M-.855,10-3.536,7.319,7.319-3.536,10-.855Z\" transform=\"translate(900.924 537.555)\" fill=\"#fff\"><\/path><path id=\"Path_1-2\" data-name=\"Path 1\" d=\"M912.389,547.489h-4.025V536.58H897.454v-4.025h12.922l2.013,2.013Z\" fill=\"#fff\"><\/path><\/g><g id=\"Group_52\" data-name=\"Group 52\" transform=\"translate(-897.389 -486.555)\"><path id=\"Line_3-3\" data-name=\"Line 3\" d=\"M-.855,10-3.536,7.319,7.319-3.536,10-.855Z\" transform=\"translate(900.924 537.555)\" fill=\"#fff\"><\/path><path id=\"Path_1-3\" data-name=\"Path 1\" d=\"M912.389,547.489h-4.025V536.58H897.454v-4.025h12.922l2.013,2.013Z\" fill=\"#fff\"><\/path><\/g><\/svg> <\/div>\n\t\t\t<\/div><\/div>\n<\/div>\n<\/div>\n<\/div>\n\n\n\n<div style=\"height:var(--wp--preset--spacing--50)\" aria-hidden=\"true\" class=\"wp-block-spacer\"><\/div>","protected":false},"excerpt":{"rendered":"<p>\u017dini\u0173 baz\u0117 Eiti \u012f palaikym\u0105 Eiti \u012f<\/p>","protected":false},"author":1,"featured_media":0,"parent":0,"menu_order":0,"comment_status":"closed","ping_status":"closed","template":"page-with-title","meta":{"_acf_changed":false,"_editorskit_title_hidden":false,"_editorskit_reading_time":0,"_editorskit_is_block_options_detached":false,"_editorskit_block_options_position":"{}","footnotes":"","_links_to":"","_links_to_target":""},"class_list":["post-1226","page","type-page","status-publish","hentry"],"acf":[],"yoast_head":"<!-- This site is optimized with the Yoast SEO Premium plugin v23.3 (Yoast SEO v27.1.1) - https:\/\/yoast.com\/product\/yoast-seo-premium-wordpress\/ -->\n<title>My account - Sentrycs<\/title>\n<meta name=\"robots\" content=\"noindex, follow\" \/>\n<meta property=\"og:locale\" content=\"lt_LT\" \/>\n<meta property=\"og:type\" content=\"article\" \/>\n<meta property=\"og:title\" content=\"My account - Sentrycs\" \/>\n<meta property=\"og:description\" content=\"Knowledge Base Go to Support Go to\" \/>\n<meta property=\"og:url\" content=\"https:\/\/sentrycs.com\/lt\/my-account\/\" \/>\n<meta property=\"og:site_name\" content=\"Sentrycs\" \/>\n<meta property=\"article:modified_time\" content=\"2026-01-13T11:12:56+00:00\" \/>\n<meta name=\"twitter:card\" content=\"summary_large_image\" \/>\n<meta name=\"twitter:site\" content=\"@Sentrycs\" \/>\n<script type=\"application\/ld+json\" class=\"yoast-schema-graph\">{\"@context\":\"https:\/\/schema.org\",\"@graph\":[{\"@type\":\"WebPage\",\"@id\":\"https:\/\/sentrycs.com\/my-account\/\",\"url\":\"https:\/\/sentrycs.com\/my-account\/\",\"name\":\"My account - Sentrycs\",\"isPartOf\":{\"@id\":\"https:\/\/sentrycs.com\/#website\"},\"datePublished\":\"2023-06-11T10:20:29+00:00\",\"dateModified\":\"2026-01-13T11:12:56+00:00\",\"breadcrumb\":{\"@id\":\"https:\/\/sentrycs.com\/my-account\/#breadcrumb\"},\"inLanguage\":\"lt-LT\",\"potentialAction\":[{\"@type\":\"ReadAction\",\"target\":[\"https:\/\/sentrycs.com\/my-account\/\"]}]},{\"@type\":\"BreadcrumbList\",\"@id\":\"https:\/\/sentrycs.com\/my-account\/#breadcrumb\",\"itemListElement\":[{\"@type\":\"ListItem\",\"position\":1,\"name\":\"Home\",\"item\":\"https:\/\/sentrycs.com\/\"},{\"@type\":\"ListItem\",\"position\":2,\"name\":\"My account\"}]},{\"@type\":\"WebSite\",\"@id\":\"https:\/\/sentrycs.com\/#website\",\"url\":\"https:\/\/sentrycs.com\/\",\"name\":\"Sentrycs\",\"description\":\"Counter-drone Solutions Adapting at the Speed of Threat\",\"publisher\":{\"@id\":\"https:\/\/sentrycs.com\/#organization\"},\"potentialAction\":[{\"@type\":\"SearchAction\",\"target\":{\"@type\":\"EntryPoint\",\"urlTemplate\":\"https:\/\/sentrycs.com\/?s={search_term_string}\"},\"query-input\":{\"@type\":\"PropertyValueSpecification\",\"valueRequired\":true,\"valueName\":\"search_term_string\"}}],\"inLanguage\":\"lt-LT\"},{\"@type\":\"Organization\",\"@id\":\"https:\/\/sentrycs.com\/#organization\",\"name\":\"Sentrycs Counter Drone Solutions\",\"url\":\"https:\/\/sentrycs.com\/\",\"logo\":{\"@type\":\"ImageObject\",\"inLanguage\":\"lt-LT\",\"@id\":\"https:\/\/sentrycs.com\/#\/schema\/logo\/image\/\",\"url\":\"\",\"contentUrl\":\"\",\"caption\":\"Sentrycs Counter Drone Solutions\"},\"image\":{\"@id\":\"https:\/\/sentrycs.com\/#\/schema\/logo\/image\/\"},\"sameAs\":[\"https:\/\/x.com\/Sentrycs\"]}]}<\/script>\n<!-- \/ Yoast SEO Premium plugin. -->","yoast_head_json":{"title":"Mano paskyra - Sentrycs","robots":{"index":"noindex","follow":"follow"},"og_locale":"lt_LT","og_type":"article","og_title":"My account - Sentrycs","og_description":"Knowledge Base Go to Support Go to","og_url":"https:\/\/sentrycs.com\/lt\/my-account\/","og_site_name":"Sentrycs","article_modified_time":"2026-01-13T11:12:56+00:00","twitter_card":"summary_large_image","twitter_site":"@Sentrycs","schema":{"@context":"https:\/\/schema.org","@graph":[{"@type":"WebPage","@id":"https:\/\/sentrycs.com\/my-account\/","url":"https:\/\/sentrycs.com\/my-account\/","name":"Mano paskyra - Sentrycs","isPartOf":{"@id":"https:\/\/sentrycs.com\/#website"},"datePublished":"2023-06-11T10:20:29+00:00","dateModified":"2026-01-13T11:12:56+00:00","breadcrumb":{"@id":"https:\/\/sentrycs.com\/my-account\/#breadcrumb"},"inLanguage":"lt-LT","potentialAction":[{"@type":"ReadAction","target":["https:\/\/sentrycs.com\/my-account\/"]}]},{"@type":"BreadcrumbList","@id":"https:\/\/sentrycs.com\/my-account\/#breadcrumb","itemListElement":[{"@type":"ListItem","position":1,"name":"Home","item":"https:\/\/sentrycs.com\/"},{"@type":"ListItem","position":2,"name":"My account"}]},{"@type":"WebSite","@id":"https:\/\/sentrycs.com\/#website","url":"https:\/\/sentrycs.com\/","name":"Sentrycs","description":"Kovos su dronais sprendimai, prisitaikantys prie gr\u0117sm\u0117s grei\u010dio","publisher":{"@id":"https:\/\/sentrycs.com\/#organization"},"potentialAction":[{"@type":"SearchAction","target":{"@type":"EntryPoint","urlTemplate":"https:\/\/sentrycs.com\/?s={search_term_string}"},"query-input":{"@type":"PropertyValueSpecification","valueRequired":true,"valueName":"search_term_string"}}],"inLanguage":"lt-LT"},{"@type":"Organization","@id":"https:\/\/sentrycs.com\/#organization","name":"\"Sentrycs\" kovos su dronais sprendimai","url":"https:\/\/sentrycs.com\/","logo":{"@type":"ImageObject","inLanguage":"lt-LT","@id":"https:\/\/sentrycs.com\/#\/schema\/logo\/image\/","url":"","contentUrl":"","caption":"Sentrycs Counter Drone Solutions"},"image":{"@id":"https:\/\/sentrycs.com\/#\/schema\/logo\/image\/"},"sameAs":["https:\/\/x.com\/Sentrycs"]}]}},"_links":{"self":[{"href":"https:\/\/sentrycs.com\/lt\/wp-json\/wp\/v2\/pages\/1226","targetHints":{"allow":["GET"]}}],"collection":[{"href":"https:\/\/sentrycs.com\/lt\/wp-json\/wp\/v2\/pages"}],"about":[{"href":"https:\/\/sentrycs.com\/lt\/wp-json\/wp\/v2\/types\/page"}],"author":[{"embeddable":true,"href":"https:\/\/sentrycs.com\/lt\/wp-json\/wp\/v2\/users\/1"}],"replies":[{"embeddable":true,"href":"https:\/\/sentrycs.com\/lt\/wp-json\/wp\/v2\/comments?post=1226"}],"version-history":[{"count":2,"href":"https:\/\/sentrycs.com\/lt\/wp-json\/wp\/v2\/pages\/1226\/revisions"}],"predecessor-version":[{"id":4299,"href":"https:\/\/sentrycs.com\/lt\/wp-json\/wp\/v2\/pages\/1226\/revisions\/4299"}],"wp:attachment":[{"href":"https:\/\/sentrycs.com\/lt\/wp-json\/wp\/v2\/media?parent=1226"}],"curies":[{"name":"wp","href":"https:\/\/api.w.org\/{rel}","templated":true}]}}