{"id":68,"date":"2023-03-26T12:22:06","date_gmt":"2023-03-26T12:22:06","guid":{"rendered":"https:\/\/sentrycs.com\/?page_id=68"},"modified":"2026-01-13T11:11:35","modified_gmt":"2026-01-13T11:11:35","slug":"legal","status":"publish","type":"page","link":"https:\/\/sentrycs.com\/lt\/legal\/","title":{"rendered":"Teisinis"},"content":{"rendered":"<h1 class=\"alignwide wp-block-post-title\"><span class=\"ez-toc-section\" id=\"Legal\"><\/span>Teisinis<span class=\"ez-toc-section-end\"><\/span><\/h1>\n\n\n<div class=\"wp-block-columns alignwide is-layout-flex wp-container-core-columns-is-layout-c6809a2b wp-block-columns-is-layout-flex\">\n<div class=\"wp-block-column is-layout-flow wp-block-column-is-layout-flow\">\n<div class=\"wp-block-group has-base-background-color has-background is-layout-constrained wp-block-group-is-layout-constrained\" style=\"box-shadow:var(--wp--preset--shadow--shadowsmall)\">\n<h3 class=\"wp-block-heading\" id=\"h-cookie-policy\"><span class=\"ez-toc-section\" id=\"Cookie_Policy\"><\/span>Slapuk\u0173 politika<span class=\"ez-toc-section-end\"><\/span><\/h3>\n\n\n\n<div class=\"wp-block-group alignwide arrow-top-right left-side is-content-justification-space-between is-nowrap is-layout-flex wp-container-core-group-is-layout-cb46ffcb wp-block-group-is-layout-flex\"><div class=\"wp-block-safe-svg-svg-icon safe-svg-cover\" style=\"text-align: left;\">\n\t\t\t\t<div class=\"safe-svg-inside safe-svg-inline arrow-icon\" style=\"width: 40px; height: 40px; background-color: var(--wp--preset--color--black); color: var(--wp--preset--color--); padding-top: 0; padding-right: 0; padding-bottom: 0; padding-left: 0; margin-top: 0; margin-right: 0; margin-bottom: 0; margin-left: 0;\"><?xml version=\"1.0\" encoding=\"UTF-8\"?> <svg xmlns=\"http:\/\/www.w3.org\/2000\/svg\" id=\"Component_5_18\" data-name=\"Component 5 \u2013 18\" width=\"61\" height=\"61\" viewbox=\"0 0 61 61\"><g id=\"Group_34\" data-name=\"Group 34\" transform=\"translate(-864.389 -519.555)\"><path id=\"Line_3-2\" data-name=\"Line 3\" d=\"M-.855,10-3.536,7.319,7.319-3.536,10-.855Z\" transform=\"translate(900.924 537.555)\" fill=\"#fff\"><\/path><path id=\"Path_1-2\" data-name=\"Path 1\" d=\"M912.389,547.489h-4.025V536.58H897.454v-4.025h12.922l2.013,2.013Z\" fill=\"#fff\"><\/path><\/g><g id=\"Group_52\" data-name=\"Group 52\" transform=\"translate(-897.389 -486.555)\"><path id=\"Line_3-3\" data-name=\"Line 3\" d=\"M-.855,10-3.536,7.319,7.319-3.536,10-.855Z\" transform=\"translate(900.924 537.555)\" fill=\"#fff\"><\/path><path id=\"Path_1-3\" data-name=\"Path 1\" d=\"M912.389,547.489h-4.025V536.58H897.454v-4.025h12.922l2.013,2.013Z\" fill=\"#fff\"><\/path><\/g><\/svg> <\/div>\n\t\t\t<\/div>\n\n\n<p><a href=\"https:\/\/sentrycs.com\/lt\/cookie-policy\/\">Skaityti daugiau<\/a><\/p>\n<\/div>\n<\/div>\n<\/div>\n\n\n\n<div class=\"wp-block-column is-layout-flow wp-block-column-is-layout-flow\">\n<div class=\"wp-block-group has-base-background-color has-background is-layout-constrained wp-block-group-is-layout-constrained\" style=\"box-shadow:var(--wp--preset--shadow--shadowsmall)\">\n<h3 class=\"wp-block-heading\" id=\"h-privacy-policy\"><span class=\"ez-toc-section\" id=\"Privacy_policy\"><\/span>Privatumo politika<span class=\"ez-toc-section-end\"><\/span><\/h3>\n\n\n\n<div class=\"wp-block-group arrow-top-right left-side is-content-justification-space-between is-nowrap is-layout-flex wp-container-core-group-is-layout-cb46ffcb wp-block-group-is-layout-flex\"><div class=\"wp-block-safe-svg-svg-icon safe-svg-cover\" style=\"text-align: left;\">\n\t\t\t\t<div class=\"safe-svg-inside safe-svg-inline arrow-icon\" style=\"width: 40px; height: 40px; background-color: var(--wp--preset--color--black); color: var(--wp--preset--color--); padding-top: 0; padding-right: 0; padding-bottom: 0; padding-left: 0; margin-top: 0; margin-right: 0; margin-bottom: 0; margin-left: 0;\"><?xml version=\"1.0\" encoding=\"UTF-8\"?> <svg xmlns=\"http:\/\/www.w3.org\/2000\/svg\" id=\"Component_5_18\" data-name=\"Component 5 \u2013 18\" width=\"61\" height=\"61\" viewbox=\"0 0 61 61\"><g id=\"Group_34\" data-name=\"Group 34\" transform=\"translate(-864.389 -519.555)\"><path id=\"Line_3-2\" data-name=\"Line 3\" d=\"M-.855,10-3.536,7.319,7.319-3.536,10-.855Z\" transform=\"translate(900.924 537.555)\" fill=\"#fff\"><\/path><path id=\"Path_1-2\" data-name=\"Path 1\" d=\"M912.389,547.489h-4.025V536.58H897.454v-4.025h12.922l2.013,2.013Z\" fill=\"#fff\"><\/path><\/g><g id=\"Group_52\" data-name=\"Group 52\" transform=\"translate(-897.389 -486.555)\"><path id=\"Line_3-3\" data-name=\"Line 3\" d=\"M-.855,10-3.536,7.319,7.319-3.536,10-.855Z\" transform=\"translate(900.924 537.555)\" fill=\"#fff\"><\/path><path id=\"Path_1-3\" data-name=\"Path 1\" d=\"M912.389,547.489h-4.025V536.58H897.454v-4.025h12.922l2.013,2.013Z\" fill=\"#fff\"><\/path><\/g><\/svg> <\/div>\n\t\t\t<\/div>\n\n\n<p><a href=\"\/lt\/privacy-policy\/\">Skaityti daugiau<\/a><\/p>\n<\/div>\n<\/div>\n<\/div>\n\n\n\n<div class=\"wp-block-column is-layout-flow wp-block-column-is-layout-flow\">\n<div class=\"wp-block-group has-base-background-color has-background is-layout-constrained wp-block-group-is-layout-constrained\" style=\"box-shadow:var(--wp--preset--shadow--shadowsmall)\">\n<h3 class=\"wp-block-heading\" id=\"h-terms-amp-conditions\"><span class=\"ez-toc-section\" id=\"Terms_Conditions\"><\/span>Taisykl\u0117s ir s\u0105lygos<span class=\"ez-toc-section-end\"><\/span><\/h3>\n\n\n\n<div class=\"wp-block-group arrow-top-right left-side is-content-justification-space-between is-nowrap is-layout-flex wp-container-core-group-is-layout-cb46ffcb wp-block-group-is-layout-flex\"><div class=\"wp-block-safe-svg-svg-icon safe-svg-cover\" style=\"text-align: left;\">\n\t\t\t\t<div class=\"safe-svg-inside safe-svg-inline arrow-icon\" style=\"width: 40px; height: 40px; background-color: var(--wp--preset--color--black); color: var(--wp--preset--color--); padding-top: 0; padding-right: 0; padding-bottom: 0; padding-left: 0; margin-top: 0; margin-right: 0; margin-bottom: 0; margin-left: 0;\"><?xml version=\"1.0\" encoding=\"UTF-8\"?> <svg xmlns=\"http:\/\/www.w3.org\/2000\/svg\" id=\"Component_5_18\" data-name=\"Component 5 \u2013 18\" width=\"61\" height=\"61\" viewbox=\"0 0 61 61\"><g id=\"Group_34\" data-name=\"Group 34\" transform=\"translate(-864.389 -519.555)\"><path id=\"Line_3-2\" data-name=\"Line 3\" d=\"M-.855,10-3.536,7.319,7.319-3.536,10-.855Z\" transform=\"translate(900.924 537.555)\" fill=\"#fff\"><\/path><path id=\"Path_1-2\" data-name=\"Path 1\" d=\"M912.389,547.489h-4.025V536.58H897.454v-4.025h12.922l2.013,2.013Z\" fill=\"#fff\"><\/path><\/g><g id=\"Group_52\" data-name=\"Group 52\" transform=\"translate(-897.389 -486.555)\"><path id=\"Line_3-3\" data-name=\"Line 3\" d=\"M-.855,10-3.536,7.319,7.319-3.536,10-.855Z\" transform=\"translate(900.924 537.555)\" fill=\"#fff\"><\/path><path id=\"Path_1-3\" data-name=\"Path 1\" d=\"M912.389,547.489h-4.025V536.58H897.454v-4.025h12.922l2.013,2.013Z\" fill=\"#fff\"><\/path><\/g><\/svg> <\/div>\n\t\t\t<\/div>\n\n\n<p><a href=\"https:\/\/sentrycs.com\/lt\/terms-conditions\/\">Skaityti daugiau<\/a><\/p>\n<\/div>\n<\/div>\n<\/div>\n<\/div>\n\n\n\n<div class=\"wp-block-columns alignwide is-layout-flex wp-container-core-columns-is-layout-57f753e7 wp-block-columns-is-layout-flex\" style=\"margin-top:var(--wp--preset--spacing--40);margin-bottom:var(--wp--preset--spacing--50)\">\n<div class=\"wp-block-column is-layout-flow wp-block-column-is-layout-flow\">\n<div class=\"wp-block-group has-base-background-color has-background is-layout-constrained wp-block-group-is-layout-constrained\" style=\"box-shadow:var(--wp--preset--shadow--shadowsmall)\">\n<h3 class=\"wp-block-heading\" id=\"h-sentrycs-accessibility-statement\"><span class=\"ez-toc-section\" id=\"Sentrycs_Accessibility_Statement\"><\/span>\"Sentrycs\" prieinamumo parei\u0161kimas<span class=\"ez-toc-section-end\"><\/span><\/h3>\n\n\n\n<div class=\"wp-block-group arrow-top-right left-side is-content-justification-space-between is-nowrap is-layout-flex wp-container-core-group-is-layout-cb46ffcb wp-block-group-is-layout-flex\"><div class=\"wp-block-safe-svg-svg-icon safe-svg-cover\" style=\"text-align: left;\">\n\t\t\t\t<div class=\"safe-svg-inside safe-svg-inline arrow-icon\" style=\"width: 40px; height: 40px; background-color: var(--wp--preset--color--black); color: var(--wp--preset--color--); padding-top: 0; padding-right: 0; padding-bottom: 0; padding-left: 0; margin-top: 0; margin-right: 0; margin-bottom: 0; margin-left: 0;\"><?xml version=\"1.0\" encoding=\"UTF-8\"?> <svg xmlns=\"http:\/\/www.w3.org\/2000\/svg\" id=\"Component_5_18\" data-name=\"Component 5 \u2013 18\" width=\"61\" height=\"61\" viewbox=\"0 0 61 61\"><g id=\"Group_34\" data-name=\"Group 34\" transform=\"translate(-864.389 -519.555)\"><path id=\"Line_3-2\" data-name=\"Line 3\" d=\"M-.855,10-3.536,7.319,7.319-3.536,10-.855Z\" transform=\"translate(900.924 537.555)\" fill=\"#fff\"><\/path><path id=\"Path_1-2\" data-name=\"Path 1\" d=\"M912.389,547.489h-4.025V536.58H897.454v-4.025h12.922l2.013,2.013Z\" fill=\"#fff\"><\/path><\/g><g id=\"Group_52\" data-name=\"Group 52\" transform=\"translate(-897.389 -486.555)\"><path id=\"Line_3-3\" data-name=\"Line 3\" d=\"M-.855,10-3.536,7.319,7.319-3.536,10-.855Z\" transform=\"translate(900.924 537.555)\" fill=\"#fff\"><\/path><path id=\"Path_1-3\" data-name=\"Path 1\" d=\"M912.389,547.489h-4.025V536.58H897.454v-4.025h12.922l2.013,2.013Z\" fill=\"#fff\"><\/path><\/g><\/svg> <\/div>\n\t\t\t<\/div>\n\n\n<p><a href=\"https:\/\/sentrycs.com\/lt\/cookie-policy\/\">Skaityti daugiau<\/a><\/p>\n<\/div>\n<\/div>\n<\/div>\n\n\n\n<div class=\"wp-block-column is-layout-flow wp-block-column-is-layout-flow\"><\/div>\n\n\n\n<div class=\"wp-block-column is-layout-flow wp-block-column-is-layout-flow\"><\/div>\n<\/div>","protected":false},"excerpt":{"rendered":"<p>Cookie Policy Read More Privacy policy Read More Terms &amp; Conditions Read More Sentrycs Accessibility Statement Read More<\/p>","protected":false},"author":1,"featured_media":0,"parent":0,"menu_order":0,"comment_status":"closed","ping_status":"closed","template":"","meta":{"_acf_changed":false,"_editorskit_title_hidden":false,"_editorskit_reading_time":0,"_editorskit_is_block_options_detached":false,"_editorskit_block_options_position":"{}","footnotes":"","_links_to":"","_links_to_target":""},"class_list":["post-68","page","type-page","status-publish","hentry"],"acf":[],"yoast_head":"<!-- This site is optimized with the Yoast SEO Premium plugin v23.3 (Yoast SEO v27.1.1) - https:\/\/yoast.com\/product\/yoast-seo-premium-wordpress\/ -->\n<title>Legal: EULA, Privacy Policy &amp; Other| Sentrycs Counter Drone Solutions<\/title>\n<meta name=\"description\" content=\"Protect your business with Sentrycs&#039; legal solutions. Our team of experts can help you navigate complex legal challenges, reduce risk, and stay compliant.\" \/>\n<meta name=\"robots\" content=\"index, follow, max-snippet:-1, max-image-preview:large, max-video-preview:-1\" \/>\n<link rel=\"canonical\" href=\"https:\/\/sentrycs.com\/lt\/legal\/\" \/>\n<meta property=\"og:locale\" content=\"lt_LT\" \/>\n<meta property=\"og:type\" content=\"article\" \/>\n<meta property=\"og:title\" content=\"Legal: EULA, Privacy Policy &amp; Other| Sentrycs Counter Drone Solutions\" \/>\n<meta property=\"og:description\" content=\"Protect your business with Sentrycs&#039; legal solutions. Our team of experts can help you navigate complex legal challenges, reduce risk, and stay compliant.\" \/>\n<meta property=\"og:url\" content=\"https:\/\/sentrycs.com\/lt\/legal\/\" \/>\n<meta property=\"og:site_name\" content=\"Sentrycs\" \/>\n<meta property=\"article:modified_time\" content=\"2026-01-13T11:11:35+00:00\" \/>\n<meta name=\"twitter:card\" content=\"summary_large_image\" \/>\n<meta name=\"twitter:site\" content=\"@Sentrycs\" \/>\n<script type=\"application\/ld+json\" class=\"yoast-schema-graph\">{\"@context\":\"https:\/\/schema.org\",\"@graph\":[{\"@type\":\"WebPage\",\"@id\":\"https:\/\/sentrycs.com\/legal\/\",\"url\":\"https:\/\/sentrycs.com\/legal\/\",\"name\":\"Legal: EULA, Privacy Policy & Other| Sentrycs Counter Drone Solutions\",\"isPartOf\":{\"@id\":\"https:\/\/sentrycs.com\/#website\"},\"datePublished\":\"2023-03-26T12:22:06+00:00\",\"dateModified\":\"2026-01-13T11:11:35+00:00\",\"description\":\"Protect your business with Sentrycs' legal solutions. Our team of experts can help you navigate complex legal challenges, reduce risk, and stay compliant.\",\"breadcrumb\":{\"@id\":\"https:\/\/sentrycs.com\/legal\/#breadcrumb\"},\"inLanguage\":\"lt-LT\",\"potentialAction\":[{\"@type\":\"ReadAction\",\"target\":[\"https:\/\/sentrycs.com\/legal\/\"]}]},{\"@type\":\"BreadcrumbList\",\"@id\":\"https:\/\/sentrycs.com\/legal\/#breadcrumb\",\"itemListElement\":[{\"@type\":\"ListItem\",\"position\":1,\"name\":\"Home\",\"item\":\"https:\/\/sentrycs.com\/\"},{\"@type\":\"ListItem\",\"position\":2,\"name\":\"Legal\"}]},{\"@type\":\"WebSite\",\"@id\":\"https:\/\/sentrycs.com\/#website\",\"url\":\"https:\/\/sentrycs.com\/\",\"name\":\"Sentrycs\",\"description\":\"Counter-drone Solutions Adapting at the Speed of Threat\",\"publisher\":{\"@id\":\"https:\/\/sentrycs.com\/#organization\"},\"potentialAction\":[{\"@type\":\"SearchAction\",\"target\":{\"@type\":\"EntryPoint\",\"urlTemplate\":\"https:\/\/sentrycs.com\/?s={search_term_string}\"},\"query-input\":{\"@type\":\"PropertyValueSpecification\",\"valueRequired\":true,\"valueName\":\"search_term_string\"}}],\"inLanguage\":\"lt-LT\"},{\"@type\":\"Organization\",\"@id\":\"https:\/\/sentrycs.com\/#organization\",\"name\":\"Sentrycs Counter Drone Solutions\",\"url\":\"https:\/\/sentrycs.com\/\",\"logo\":{\"@type\":\"ImageObject\",\"inLanguage\":\"lt-LT\",\"@id\":\"https:\/\/sentrycs.com\/#\/schema\/logo\/image\/\",\"url\":\"\",\"contentUrl\":\"\",\"caption\":\"Sentrycs Counter Drone Solutions\"},\"image\":{\"@id\":\"https:\/\/sentrycs.com\/#\/schema\/logo\/image\/\"},\"sameAs\":[\"https:\/\/x.com\/Sentrycs\"]}]}<\/script>\n<!-- \/ Yoast SEO Premium plugin. -->","yoast_head_json":{"title":"Teisinis: ESLA, privatumo politika ir kita| Sentrycs Counter Drone Solutions","description":"Apsaugokite savo versl\u0105 naudodami \"Sentrycs\" teisinius sprendimus. M\u016bs\u0173 ekspert\u0173 komanda gali pad\u0117ti jums \u012fveikti sud\u0117tingus teisinius i\u0161\u0161\u016bkius, suma\u017einti rizik\u0105 ir u\u017etikrinti atitikt\u012f teis\u0117s akt\u0173 reikalavimams.","robots":{"index":"index","follow":"follow","max-snippet":"max-snippet:-1","max-image-preview":"max-image-preview:large","max-video-preview":"max-video-preview:-1"},"canonical":"https:\/\/sentrycs.com\/lt\/legal\/","og_locale":"lt_LT","og_type":"article","og_title":"Legal: EULA, Privacy Policy & Other| Sentrycs Counter Drone Solutions","og_description":"Protect your business with Sentrycs' legal solutions. Our team of experts can help you navigate complex legal challenges, reduce risk, and stay compliant.","og_url":"https:\/\/sentrycs.com\/lt\/legal\/","og_site_name":"Sentrycs","article_modified_time":"2026-01-13T11:11:35+00:00","twitter_card":"summary_large_image","twitter_site":"@Sentrycs","schema":{"@context":"https:\/\/schema.org","@graph":[{"@type":"WebPage","@id":"https:\/\/sentrycs.com\/legal\/","url":"https:\/\/sentrycs.com\/legal\/","name":"Teisinis: ESLA, privatumo politika ir kita| Sentrycs Counter Drone Solutions","isPartOf":{"@id":"https:\/\/sentrycs.com\/#website"},"datePublished":"2023-03-26T12:22:06+00:00","dateModified":"2026-01-13T11:11:35+00:00","description":"Apsaugokite savo versl\u0105 naudodami \"Sentrycs\" teisinius sprendimus. M\u016bs\u0173 ekspert\u0173 komanda gali pad\u0117ti jums \u012fveikti sud\u0117tingus teisinius i\u0161\u0161\u016bkius, suma\u017einti rizik\u0105 ir u\u017etikrinti atitikt\u012f teis\u0117s akt\u0173 reikalavimams.","breadcrumb":{"@id":"https:\/\/sentrycs.com\/legal\/#breadcrumb"},"inLanguage":"lt-LT","potentialAction":[{"@type":"ReadAction","target":["https:\/\/sentrycs.com\/legal\/"]}]},{"@type":"BreadcrumbList","@id":"https:\/\/sentrycs.com\/legal\/#breadcrumb","itemListElement":[{"@type":"ListItem","position":1,"name":"Home","item":"https:\/\/sentrycs.com\/"},{"@type":"ListItem","position":2,"name":"Legal"}]},{"@type":"WebSite","@id":"https:\/\/sentrycs.com\/#website","url":"https:\/\/sentrycs.com\/","name":"Sentrycs","description":"Kovos su dronais sprendimai, prisitaikantys prie gr\u0117sm\u0117s grei\u010dio","publisher":{"@id":"https:\/\/sentrycs.com\/#organization"},"potentialAction":[{"@type":"SearchAction","target":{"@type":"EntryPoint","urlTemplate":"https:\/\/sentrycs.com\/?s={search_term_string}"},"query-input":{"@type":"PropertyValueSpecification","valueRequired":true,"valueName":"search_term_string"}}],"inLanguage":"lt-LT"},{"@type":"Organization","@id":"https:\/\/sentrycs.com\/#organization","name":"\"Sentrycs\" kovos su dronais sprendimai","url":"https:\/\/sentrycs.com\/","logo":{"@type":"ImageObject","inLanguage":"lt-LT","@id":"https:\/\/sentrycs.com\/#\/schema\/logo\/image\/","url":"","contentUrl":"","caption":"Sentrycs Counter Drone Solutions"},"image":{"@id":"https:\/\/sentrycs.com\/#\/schema\/logo\/image\/"},"sameAs":["https:\/\/x.com\/Sentrycs"]}]}},"_links":{"self":[{"href":"https:\/\/sentrycs.com\/lt\/wp-json\/wp\/v2\/pages\/68","targetHints":{"allow":["GET"]}}],"collection":[{"href":"https:\/\/sentrycs.com\/lt\/wp-json\/wp\/v2\/pages"}],"about":[{"href":"https:\/\/sentrycs.com\/lt\/wp-json\/wp\/v2\/types\/page"}],"author":[{"embeddable":true,"href":"https:\/\/sentrycs.com\/lt\/wp-json\/wp\/v2\/users\/1"}],"replies":[{"embeddable":true,"href":"https:\/\/sentrycs.com\/lt\/wp-json\/wp\/v2\/comments?post=68"}],"version-history":[{"count":9,"href":"https:\/\/sentrycs.com\/lt\/wp-json\/wp\/v2\/pages\/68\/revisions"}],"predecessor-version":[{"id":4298,"href":"https:\/\/sentrycs.com\/lt\/wp-json\/wp\/v2\/pages\/68\/revisions\/4298"}],"wp:attachment":[{"href":"https:\/\/sentrycs.com\/lt\/wp-json\/wp\/v2\/media?parent=68"}],"curies":[{"name":"wp","href":"https:\/\/api.w.org\/{rel}","templated":true}]}}